{"id":24737,"date":"2025-08-01T18:18:47","date_gmt":"2025-08-01T16:18:47","guid":{"rendered":"https:\/\/uj.adatbank.ro\/lexikon\/termek\/wagner-ernst\/"},"modified":"2025-08-01T18:18:47","modified_gmt":"2025-08-01T16:18:47","slug":"wagner-ernst","status":"publish","type":"product","link":"https:\/\/uj.adatbank.ro\/lexikon\/termek\/wagner-ernst\/","title":{"rendered":"WAGNER, Ernst"},"content":{"rendered":"<p>? \u2020\u00a0?: t\u00f6rt\u00e9n\u00e9sz. \u2013  <strong>F. m..:<\/strong> Az erd\u00e9lyi sz\u00e1sz t\u00f6rt\u00e9nelemr\u0151l. Ford. Jak\u00f3 Kl\u00e1ra, 1993.; Az 1992-es rom\u00e1niai n\u00e9psz\u00e1ml\u00e1l\u00e1sr\u00f3l. Ford. Jak\u00f3 Kl\u00e1ra (1994). <br \/><strong>\u2013 Irod.:<\/strong> Korunk.<\/br><\/p>\n","protected":false},"excerpt":{"rendered":"<p>? \u2020\u00a0?: t\u00f6rt\u00e9n\u00e9sz. \u2013 F. m..: Az erd\u00e9lyi sz\u00e1sz t\u00f6rt\u00e9nelemr\u0151l. Ford. Jak\u00f3 Kl\u00e1ra, 1993.; Az 1992-es rom\u00e1niai n\u00e9psz\u00e1ml\u00e1l\u00e1sr\u00f3l. Ford. Jak\u00f3 Kl\u00e1ra (1994). \u2013 Irod.: Korunk.<\/p>\n","protected":false},"featured_media":0,"comment_status":"open","ping_status":"closed","template":"","meta":[],"product_brand":[],"product_cat":[137],"product_tag":[],"class_list":{"0":"post-24737","1":"product","2":"type-product","3":"status-publish","5":"product_cat-maros-megyei-eletrajzi-lexikon","7":"first","8":"instock","9":"shipping-taxable","10":"product-type-simple"},"_links":{"self":[{"href":"https:\/\/uj.adatbank.ro\/lexikon\/wp-json\/wp\/v2\/product\/24737","targetHints":{"allow":["GET"]}}],"collection":[{"href":"https:\/\/uj.adatbank.ro\/lexikon\/wp-json\/wp\/v2\/product"}],"about":[{"href":"https:\/\/uj.adatbank.ro\/lexikon\/wp-json\/wp\/v2\/types\/product"}],"replies":[{"embeddable":true,"href":"https:\/\/uj.adatbank.ro\/lexikon\/wp-json\/wp\/v2\/comments?post=24737"}],"wp:attachment":[{"href":"https:\/\/uj.adatbank.ro\/lexikon\/wp-json\/wp\/v2\/media?parent=24737"}],"wp:term":[{"taxonomy":"product_brand","embeddable":true,"href":"https:\/\/uj.adatbank.ro\/lexikon\/wp-json\/wp\/v2\/product_brand?post=24737"},{"taxonomy":"product_cat","embeddable":true,"href":"https:\/\/uj.adatbank.ro\/lexikon\/wp-json\/wp\/v2\/product_cat?post=24737"},{"taxonomy":"product_tag","embeddable":true,"href":"https:\/\/uj.adatbank.ro\/lexikon\/wp-json\/wp\/v2\/product_tag?post=24737"}],"curies":[{"name":"wp","href":"https:\/\/api.w.org\/{rel}","templated":true}]}}