{"id":24738,"date":"2025-08-01T18:18:49","date_gmt":"2025-08-01T16:18:49","guid":{"rendered":"https:\/\/uj.adatbank.ro\/lexikon\/termek\/wagner-georg\/"},"modified":"2025-08-01T18:18:49","modified_gmt":"2025-08-01T16:18:49","slug":"wagner-georg","status":"publish","type":"product","link":"https:\/\/uj.adatbank.ro\/lexikon\/termek\/wagner-georg\/","title":{"rendered":"WAGNER, Georg"},"content":{"rendered":"<p>Segesv\u00e1r, 1750., \u2020 Erked (Maros), 1805. aug. 11.: lelk\u00e9sz. \u2013 Tanult Erlagenben teol\u00f3gi\u00e1t (1773). Lektor Segesv\u00e1ron (1776); pr\u00e9dik\u00e1tor Segesv\u00e1ron (1788); lelkip\u00e1sztor Erkeden (1791\u20131805). <br \/><strong>\u2013 Irod.:<\/strong> Szab\u00f3\u2013Sz\u00f6gi.<\/br><\/p>\n","protected":false},"excerpt":{"rendered":"<p>Segesv\u00e1r, 1750., \u2020 Erked (Maros), 1805. aug. 11.: lelk\u00e9sz. \u2013 Tanult Erlagenben teol\u00f3gi\u00e1t (1773). Lektor Segesv\u00e1ron (1776); pr\u00e9dik\u00e1tor Segesv\u00e1ron (1788); lelkip\u00e1sztor Erkeden (1791\u20131805). \u2013 Irod.: Szab\u00f3\u2013Sz\u00f6gi.<\/p>\n","protected":false},"featured_media":0,"comment_status":"open","ping_status":"closed","template":"","meta":[],"product_brand":[],"product_cat":[137],"product_tag":[],"class_list":{"0":"post-24738","1":"product","2":"type-product","3":"status-publish","5":"product_cat-maros-megyei-eletrajzi-lexikon","7":"first","8":"instock","9":"shipping-taxable","10":"product-type-simple"},"_links":{"self":[{"href":"https:\/\/uj.adatbank.ro\/lexikon\/wp-json\/wp\/v2\/product\/24738","targetHints":{"allow":["GET"]}}],"collection":[{"href":"https:\/\/uj.adatbank.ro\/lexikon\/wp-json\/wp\/v2\/product"}],"about":[{"href":"https:\/\/uj.adatbank.ro\/lexikon\/wp-json\/wp\/v2\/types\/product"}],"replies":[{"embeddable":true,"href":"https:\/\/uj.adatbank.ro\/lexikon\/wp-json\/wp\/v2\/comments?post=24738"}],"wp:attachment":[{"href":"https:\/\/uj.adatbank.ro\/lexikon\/wp-json\/wp\/v2\/media?parent=24738"}],"wp:term":[{"taxonomy":"product_brand","embeddable":true,"href":"https:\/\/uj.adatbank.ro\/lexikon\/wp-json\/wp\/v2\/product_brand?post=24738"},{"taxonomy":"product_cat","embeddable":true,"href":"https:\/\/uj.adatbank.ro\/lexikon\/wp-json\/wp\/v2\/product_cat?post=24738"},{"taxonomy":"product_tag","embeddable":true,"href":"https:\/\/uj.adatbank.ro\/lexikon\/wp-json\/wp\/v2\/product_tag?post=24738"}],"curies":[{"name":"wp","href":"https:\/\/api.w.org\/{rel}","templated":true}]}}