{"id":24740,"date":"2025-08-01T18:18:53","date_gmt":"2025-08-01T16:18:53","guid":{"rendered":"https:\/\/uj.adatbank.ro\/lexikon\/termek\/wagner-gustav\/"},"modified":"2025-08-01T18:18:53","modified_gmt":"2025-08-01T16:18:53","slug":"wagner-gustav","status":"publish","type":"product","link":"https:\/\/uj.adatbank.ro\/lexikon\/termek\/wagner-gustav\/","title":{"rendered":"WAGNER, Gustav"},"content":{"rendered":"<p>? \u2020\u00a0?: m\u0171\u00e9p\u00edt\u00e9sz. \u2013 V\u00e1llalkoz\u00f3, \u00e9p\u00edt\u00e9sz Sz\u00e1szr\u00e9genben. A marosh\u00e9v\u00edzi ortodox templom \u00e9p\u00edt\u0151je (1896 k.). A r\u00e9geni ortodox templom terv\u00e9t k\u00e9sz\u00edtette (1911), kivitelezte Ferenczi B\u00e9la \u00e9p\u00edt\u00e9szm\u00e9rn\u00f6k. Felszentelt\u00e9k az \u00dar Mennybemenetele jegy\u00e9ben (1912. szept. 12.), az \u00e9p\u00edt\u00e9shez sz\u00fcks\u00e9ges anyagi alapot t\u00f6bbek k\u00f6z\u00f6tt dr. Ioan Popescu, \u00fcgyv\u00e9d, Galaction \u015eag\u0103u, a Banca Mure\u015fan\u0103 \u00e9s az esperess\u00e9g vid\u00e9ki par\u00f3ki\u00e1i biztos\u00edtott\u00e1k. <br \/><strong>\u2013 Irod.:<\/strong> Man; Reghin, destin \u015fi istorie; Reghin \u2013 ghid.<\/br><\/p>\n","protected":false},"excerpt":{"rendered":"<p>? \u2020\u00a0?: m\u0171\u00e9p\u00edt\u00e9sz. \u2013 V\u00e1llalkoz\u00f3, \u00e9p\u00edt\u00e9sz Sz\u00e1szr\u00e9genben. A marosh\u00e9v\u00edzi ortodox templom \u00e9p\u00edt\u0151je (1896 k.). A r\u00e9geni ortodox templom terv\u00e9t k\u00e9sz\u00edtette (1911), kivitelezte Ferenczi B\u00e9la \u00e9p\u00edt\u00e9szm\u00e9rn\u00f6k. Felszentelt\u00e9k az \u00dar Mennybemenetele jegy\u00e9ben (1912. szept. 12.), az \u00e9p\u00edt\u00e9shez sz\u00fcks\u00e9ges anyagi alapot t\u00f6bbek k\u00f6z\u00f6tt dr. Ioan Popescu, \u00fcgyv\u00e9d, Galaction \u015eag\u0103u, a Banca Mure\u015fan\u0103 \u00e9s az esperess\u00e9g vid\u00e9ki par\u00f3ki\u00e1i biztos\u00edtott\u00e1k. [&hellip;]<\/p>\n","protected":false},"featured_media":0,"comment_status":"open","ping_status":"closed","template":"","meta":[],"product_brand":[],"product_cat":[137],"product_tag":[],"class_list":{"0":"post-24740","1":"product","2":"type-product","3":"status-publish","5":"product_cat-maros-megyei-eletrajzi-lexikon","7":"first","8":"instock","9":"shipping-taxable","10":"product-type-simple"},"_links":{"self":[{"href":"https:\/\/uj.adatbank.ro\/lexikon\/wp-json\/wp\/v2\/product\/24740","targetHints":{"allow":["GET"]}}],"collection":[{"href":"https:\/\/uj.adatbank.ro\/lexikon\/wp-json\/wp\/v2\/product"}],"about":[{"href":"https:\/\/uj.adatbank.ro\/lexikon\/wp-json\/wp\/v2\/types\/product"}],"replies":[{"embeddable":true,"href":"https:\/\/uj.adatbank.ro\/lexikon\/wp-json\/wp\/v2\/comments?post=24740"}],"wp:attachment":[{"href":"https:\/\/uj.adatbank.ro\/lexikon\/wp-json\/wp\/v2\/media?parent=24740"}],"wp:term":[{"taxonomy":"product_brand","embeddable":true,"href":"https:\/\/uj.adatbank.ro\/lexikon\/wp-json\/wp\/v2\/product_brand?post=24740"},{"taxonomy":"product_cat","embeddable":true,"href":"https:\/\/uj.adatbank.ro\/lexikon\/wp-json\/wp\/v2\/product_cat?post=24740"},{"taxonomy":"product_tag","embeddable":true,"href":"https:\/\/uj.adatbank.ro\/lexikon\/wp-json\/wp\/v2\/product_tag?post=24740"}],"curies":[{"name":"wp","href":"https:\/\/api.w.org\/{rel}","templated":true}]}}