{"id":24742,"date":"2025-08-01T18:18:57","date_gmt":"2025-08-01T16:18:57","guid":{"rendered":"https:\/\/uj.adatbank.ro\/lexikon\/termek\/wagner-janos\/"},"modified":"2025-08-01T18:18:57","modified_gmt":"2025-08-01T16:18:57","slug":"wagner-janos","status":"publish","type":"product","link":"https:\/\/uj.adatbank.ro\/lexikon\/termek\/wagner-janos\/","title":{"rendered":"WAGNER J\u00e1nos"},"content":{"rendered":"<p>Segesv\u00e1r, 1866., \u2020\u00a0?: vaskeresked\u0151. \u2013 Iskol\u00e1i elv\u00e9gz\u00e9se ut\u00e1n keresked\u0151nek tanult, majd szaktud\u00e1sa fejleszt\u00e9se ut\u00e1n \u00f6n\u00e1ll\u00f3s\u00edtotta mag\u00e1t Sz\u00e9kelyudvarhelyen. T\u00e9nyleges katonaidej\u00e9t Nagyszebenben mint szakaszvezet\u0151 teljes\u00edtette. <br \/><strong>\u2013 Irod.:<\/strong> Sz\u00e9kelyf\u00f6ld \u00ed. k.<\/br><\/p>\n","protected":false},"excerpt":{"rendered":"<p>Segesv\u00e1r, 1866., \u2020\u00a0?: vaskeresked\u0151. \u2013 Iskol\u00e1i elv\u00e9gz\u00e9se ut\u00e1n keresked\u0151nek tanult, majd szaktud\u00e1sa fejleszt\u00e9se ut\u00e1n \u00f6n\u00e1ll\u00f3s\u00edtotta mag\u00e1t Sz\u00e9kelyudvarhelyen. T\u00e9nyleges katonaidej\u00e9t Nagyszebenben mint szakaszvezet\u0151 teljes\u00edtette. \u2013 Irod.: Sz\u00e9kelyf\u00f6ld \u00ed. k.<\/p>\n","protected":false},"featured_media":0,"comment_status":"open","ping_status":"closed","template":"","meta":[],"product_brand":[],"product_cat":[137],"product_tag":[],"class_list":{"0":"post-24742","1":"product","2":"type-product","3":"status-publish","5":"product_cat-maros-megyei-eletrajzi-lexikon","7":"first","8":"instock","9":"shipping-taxable","10":"product-type-simple"},"_links":{"self":[{"href":"https:\/\/uj.adatbank.ro\/lexikon\/wp-json\/wp\/v2\/product\/24742","targetHints":{"allow":["GET"]}}],"collection":[{"href":"https:\/\/uj.adatbank.ro\/lexikon\/wp-json\/wp\/v2\/product"}],"about":[{"href":"https:\/\/uj.adatbank.ro\/lexikon\/wp-json\/wp\/v2\/types\/product"}],"replies":[{"embeddable":true,"href":"https:\/\/uj.adatbank.ro\/lexikon\/wp-json\/wp\/v2\/comments?post=24742"}],"wp:attachment":[{"href":"https:\/\/uj.adatbank.ro\/lexikon\/wp-json\/wp\/v2\/media?parent=24742"}],"wp:term":[{"taxonomy":"product_brand","embeddable":true,"href":"https:\/\/uj.adatbank.ro\/lexikon\/wp-json\/wp\/v2\/product_brand?post=24742"},{"taxonomy":"product_cat","embeddable":true,"href":"https:\/\/uj.adatbank.ro\/lexikon\/wp-json\/wp\/v2\/product_cat?post=24742"},{"taxonomy":"product_tag","embeddable":true,"href":"https:\/\/uj.adatbank.ro\/lexikon\/wp-json\/wp\/v2\/product_tag?post=24742"}],"curies":[{"name":"wp","href":"https:\/\/api.w.org\/{rel}","templated":true}]}}