{"id":24746,"date":"2025-08-01T18:19:07","date_gmt":"2025-08-01T16:19:07","guid":{"rendered":"https:\/\/uj.adatbank.ro\/lexikon\/termek\/wagner-karoly-wagner-carolus\/"},"modified":"2025-08-01T18:19:07","modified_gmt":"2025-08-01T16:19:07","slug":"wagner-karoly-wagner-carolus","status":"publish","type":"product","link":"https:\/\/uj.adatbank.ro\/lexikon\/termek\/wagner-karoly-wagner-carolus\/","title":{"rendered":"WAGNER K\u00e1roly, Wagner Carolus"},"content":{"rendered":"<p>Segesv\u00e1r, 1813? \u2020 ?: gy\u00f3gyszer\u00e9sz. \u2013 El\u0151bb gy\u00f3gyszer\u00e9szinas volt, majd Pesten gy\u00f3gyszer\u00e9szetet v\u00e9gzett (1840\u201341). Gyakorlati vizsg\u00e1t tett, majd szigorlatozott, esk\u00fct tett \u00e9s okl.-t kapott 29 \u00e9vesen (1843. j\u00fal. 7.). <br \/><strong>\u2013 Irod.:<\/strong> P\u00e9ter H. M.; P\u00e9ter H. M. 2013; Szab\u00f3 Mikl\u00f3s 2005.<\/br><\/p>\n","protected":false},"excerpt":{"rendered":"<p>Segesv\u00e1r, 1813? \u2020 ?: gy\u00f3gyszer\u00e9sz. \u2013 El\u0151bb gy\u00f3gyszer\u00e9szinas volt, majd Pesten gy\u00f3gyszer\u00e9szetet v\u00e9gzett (1840\u201341). Gyakorlati vizsg\u00e1t tett, majd szigorlatozott, esk\u00fct tett \u00e9s okl.-t kapott 29 \u00e9vesen (1843. j\u00fal. 7.). \u2013 Irod.: P\u00e9ter H. M.; P\u00e9ter H. M. 2013; Szab\u00f3 Mikl\u00f3s 2005.<\/p>\n","protected":false},"featured_media":0,"comment_status":"open","ping_status":"closed","template":"","meta":[],"product_brand":[],"product_cat":[137],"product_tag":[],"class_list":{"0":"post-24746","1":"product","2":"type-product","3":"status-publish","5":"product_cat-maros-megyei-eletrajzi-lexikon","7":"first","8":"instock","9":"shipping-taxable","10":"product-type-simple"},"_links":{"self":[{"href":"https:\/\/uj.adatbank.ro\/lexikon\/wp-json\/wp\/v2\/product\/24746","targetHints":{"allow":["GET"]}}],"collection":[{"href":"https:\/\/uj.adatbank.ro\/lexikon\/wp-json\/wp\/v2\/product"}],"about":[{"href":"https:\/\/uj.adatbank.ro\/lexikon\/wp-json\/wp\/v2\/types\/product"}],"replies":[{"embeddable":true,"href":"https:\/\/uj.adatbank.ro\/lexikon\/wp-json\/wp\/v2\/comments?post=24746"}],"wp:attachment":[{"href":"https:\/\/uj.adatbank.ro\/lexikon\/wp-json\/wp\/v2\/media?parent=24746"}],"wp:term":[{"taxonomy":"product_brand","embeddable":true,"href":"https:\/\/uj.adatbank.ro\/lexikon\/wp-json\/wp\/v2\/product_brand?post=24746"},{"taxonomy":"product_cat","embeddable":true,"href":"https:\/\/uj.adatbank.ro\/lexikon\/wp-json\/wp\/v2\/product_cat?post=24746"},{"taxonomy":"product_tag","embeddable":true,"href":"https:\/\/uj.adatbank.ro\/lexikon\/wp-json\/wp\/v2\/product_tag?post=24746"}],"curies":[{"name":"wp","href":"https:\/\/api.w.org\/{rel}","templated":true}]}}