{"id":24748,"date":"2025-08-01T18:19:11","date_gmt":"2025-08-01T16:19:11","guid":{"rendered":"https:\/\/uj.adatbank.ro\/lexikon\/termek\/wagner-leopold-wagner-lipot\/"},"modified":"2025-08-01T18:19:11","modified_gmt":"2025-08-01T16:19:11","slug":"wagner-leopold-wagner-lipot","status":"publish","type":"product","link":"https:\/\/uj.adatbank.ro\/lexikon\/termek\/wagner-leopold-wagner-lipot\/","title":{"rendered":"WAGNER Leopold, Wagner Lip\u00f3t"},"content":{"rendered":"<p>? \u2020 ?: keresked\u0151. \u2013 Feles\u00e9ge: lindaui Kaltschmied M\u00e1ria (1867? \u2013 Mv., 1926. okt. 12.). Le\u00e1nyuk: W. Ir\u00e9n Patrovits K\u00e1lm\u00e1nn\u00e9. \u2013 Gazdag csal\u00e1d, \u00fczlete h\u00e1za f\u00f6ldszintj\u00e9n, Mv.-en (F\u0151t\u00e9r 53. sz.), a f\u00f6ldszinti kirakatokat Patrovits K\u00e1lm\u00e1n m\u00e9rn\u00f6k tervei alapj\u00e1n nagyobb\u00edtott\u00e1k meg. \u00daj bili\u00e1rdasztalt v\u00e1s\u00e1rolt B\u00e9csben a Mv.-i Kaszin\u00f3nak (1885). <br \/><strong>\u2013 Irod.:<\/strong> Bi\u00e1s Istv\u00e1n; csal\u00e1di inf.; Gy\u00e1szjelent\u0151; Keresztes Gyula: A f\u0151t\u00e9ri h\u00e1zakr\u00f3l (N\u00fa., 1991. m\u00e1rc. 22.).<\/br><\/p>\n","protected":false},"excerpt":{"rendered":"<p>? \u2020 ?: keresked\u0151. \u2013 Feles\u00e9ge: lindaui Kaltschmied M\u00e1ria (1867? \u2013 Mv., 1926. okt. 12.). Le\u00e1nyuk: W. Ir\u00e9n Patrovits K\u00e1lm\u00e1nn\u00e9. \u2013 Gazdag csal\u00e1d, \u00fczlete h\u00e1za f\u00f6ldszintj\u00e9n, Mv.-en (F\u0151t\u00e9r 53. sz.), a f\u00f6ldszinti kirakatokat Patrovits K\u00e1lm\u00e1n m\u00e9rn\u00f6k tervei alapj\u00e1n nagyobb\u00edtott\u00e1k meg. \u00daj bili\u00e1rdasztalt v\u00e1s\u00e1rolt B\u00e9csben a Mv.-i Kaszin\u00f3nak (1885). \u2013 Irod.: Bi\u00e1s Istv\u00e1n; csal\u00e1di inf.; Gy\u00e1szjelent\u0151; [&hellip;]<\/p>\n","protected":false},"featured_media":0,"comment_status":"open","ping_status":"closed","template":"","meta":[],"product_brand":[],"product_cat":[137],"product_tag":[],"class_list":{"0":"post-24748","1":"product","2":"type-product","3":"status-publish","5":"product_cat-maros-megyei-eletrajzi-lexikon","7":"first","8":"instock","9":"shipping-taxable","10":"product-type-simple"},"_links":{"self":[{"href":"https:\/\/uj.adatbank.ro\/lexikon\/wp-json\/wp\/v2\/product\/24748","targetHints":{"allow":["GET"]}}],"collection":[{"href":"https:\/\/uj.adatbank.ro\/lexikon\/wp-json\/wp\/v2\/product"}],"about":[{"href":"https:\/\/uj.adatbank.ro\/lexikon\/wp-json\/wp\/v2\/types\/product"}],"replies":[{"embeddable":true,"href":"https:\/\/uj.adatbank.ro\/lexikon\/wp-json\/wp\/v2\/comments?post=24748"}],"wp:attachment":[{"href":"https:\/\/uj.adatbank.ro\/lexikon\/wp-json\/wp\/v2\/media?parent=24748"}],"wp:term":[{"taxonomy":"product_brand","embeddable":true,"href":"https:\/\/uj.adatbank.ro\/lexikon\/wp-json\/wp\/v2\/product_brand?post=24748"},{"taxonomy":"product_cat","embeddable":true,"href":"https:\/\/uj.adatbank.ro\/lexikon\/wp-json\/wp\/v2\/product_cat?post=24748"},{"taxonomy":"product_tag","embeddable":true,"href":"https:\/\/uj.adatbank.ro\/lexikon\/wp-json\/wp\/v2\/product_tag?post=24748"}],"curies":[{"name":"wp","href":"https:\/\/api.w.org\/{rel}","templated":true}]}}