{"id":24750,"date":"2025-08-01T18:19:15","date_gmt":"2025-08-01T16:19:15","guid":{"rendered":"https:\/\/uj.adatbank.ro\/lexikon\/termek\/wagner-michael\/"},"modified":"2025-08-01T18:19:15","modified_gmt":"2025-08-01T16:19:15","slug":"wagner-michael","status":"publish","type":"product","link":"https:\/\/uj.adatbank.ro\/lexikon\/termek\/wagner-michael\/","title":{"rendered":"WAGNER, Michael"},"content":{"rendered":"<p>Sz\u00e1szk\u00e9zd, ? \u2020 Segesv\u00e1r, 1767. febr. 15.: lelk\u00e9sz. \u2013 Tanult J\u00e9n\u00e1ban (1722). Lelk\u00e9sz volt Felm\u00e9ren (1731), Mes\u00e9n (Brass\u00f3) (1741\u201364). <br \/><strong>\u2013 Irod.:<\/strong> Szab\u00f3\u2013Sz\u00f6gi.<\/br><\/p>\n","protected":false},"excerpt":{"rendered":"<p>Sz\u00e1szk\u00e9zd, ? \u2020 Segesv\u00e1r, 1767. febr. 15.: lelk\u00e9sz. \u2013 Tanult J\u00e9n\u00e1ban (1722). Lelk\u00e9sz volt Felm\u00e9ren (1731), Mes\u00e9n (Brass\u00f3) (1741\u201364). \u2013 Irod.: Szab\u00f3\u2013Sz\u00f6gi.<\/p>\n","protected":false},"featured_media":0,"comment_status":"open","ping_status":"closed","template":"","meta":[],"product_brand":[],"product_cat":[137],"product_tag":[],"class_list":{"0":"post-24750","1":"product","2":"type-product","3":"status-publish","5":"product_cat-maros-megyei-eletrajzi-lexikon","7":"first","8":"instock","9":"shipping-taxable","10":"product-type-simple"},"_links":{"self":[{"href":"https:\/\/uj.adatbank.ro\/lexikon\/wp-json\/wp\/v2\/product\/24750","targetHints":{"allow":["GET"]}}],"collection":[{"href":"https:\/\/uj.adatbank.ro\/lexikon\/wp-json\/wp\/v2\/product"}],"about":[{"href":"https:\/\/uj.adatbank.ro\/lexikon\/wp-json\/wp\/v2\/types\/product"}],"replies":[{"embeddable":true,"href":"https:\/\/uj.adatbank.ro\/lexikon\/wp-json\/wp\/v2\/comments?post=24750"}],"wp:attachment":[{"href":"https:\/\/uj.adatbank.ro\/lexikon\/wp-json\/wp\/v2\/media?parent=24750"}],"wp:term":[{"taxonomy":"product_brand","embeddable":true,"href":"https:\/\/uj.adatbank.ro\/lexikon\/wp-json\/wp\/v2\/product_brand?post=24750"},{"taxonomy":"product_cat","embeddable":true,"href":"https:\/\/uj.adatbank.ro\/lexikon\/wp-json\/wp\/v2\/product_cat?post=24750"},{"taxonomy":"product_tag","embeddable":true,"href":"https:\/\/uj.adatbank.ro\/lexikon\/wp-json\/wp\/v2\/product_tag?post=24750"}],"curies":[{"name":"wp","href":"https:\/\/api.w.org\/{rel}","templated":true}]}}