{"id":24755,"date":"2025-08-01T18:19:28","date_gmt":"2025-08-01T16:19:28","guid":{"rendered":"https:\/\/uj.adatbank.ro\/lexikon\/termek\/wagner-vilmos\/"},"modified":"2025-08-01T18:19:28","modified_gmt":"2025-08-01T16:19:28","slug":"wagner-vilmos","status":"publish","type":"product","link":"https:\/\/uj.adatbank.ro\/lexikon\/termek\/wagner-vilmos\/","title":{"rendered":"WAGNER Vilmos"},"content":{"rendered":"<p>Segesv\u00e1r, 1822.\u00a0? \u2020 ?: gy\u00f3gyszer\u00e9sz. \u2013 Gy\u00f3gyszer\u00e9sz oklevelet Pesten kapott 26 \u00e9vesen (1848. m\u00e1j. 29.). <br \/><strong>\u2013 Irod.:<\/strong> P\u00e9ter H. M.; P\u00e9ter H. M. 2013; Szab\u00f3 Mikl\u00f3s 2005.<\/br><\/p>\n","protected":false},"excerpt":{"rendered":"<p>Segesv\u00e1r, 1822.\u00a0? \u2020 ?: gy\u00f3gyszer\u00e9sz. \u2013 Gy\u00f3gyszer\u00e9sz oklevelet Pesten kapott 26 \u00e9vesen (1848. m\u00e1j. 29.). \u2013 Irod.: P\u00e9ter H. M.; P\u00e9ter H. M. 2013; Szab\u00f3 Mikl\u00f3s 2005.<\/p>\n","protected":false},"featured_media":0,"comment_status":"open","ping_status":"closed","template":"","meta":[],"product_brand":[],"product_cat":[137],"product_tag":[],"class_list":{"0":"post-24755","1":"product","2":"type-product","3":"status-publish","5":"product_cat-maros-megyei-eletrajzi-lexikon","7":"first","8":"instock","9":"shipping-taxable","10":"product-type-simple"},"_links":{"self":[{"href":"https:\/\/uj.adatbank.ro\/lexikon\/wp-json\/wp\/v2\/product\/24755","targetHints":{"allow":["GET"]}}],"collection":[{"href":"https:\/\/uj.adatbank.ro\/lexikon\/wp-json\/wp\/v2\/product"}],"about":[{"href":"https:\/\/uj.adatbank.ro\/lexikon\/wp-json\/wp\/v2\/types\/product"}],"replies":[{"embeddable":true,"href":"https:\/\/uj.adatbank.ro\/lexikon\/wp-json\/wp\/v2\/comments?post=24755"}],"wp:attachment":[{"href":"https:\/\/uj.adatbank.ro\/lexikon\/wp-json\/wp\/v2\/media?parent=24755"}],"wp:term":[{"taxonomy":"product_brand","embeddable":true,"href":"https:\/\/uj.adatbank.ro\/lexikon\/wp-json\/wp\/v2\/product_brand?post=24755"},{"taxonomy":"product_cat","embeddable":true,"href":"https:\/\/uj.adatbank.ro\/lexikon\/wp-json\/wp\/v2\/product_cat?post=24755"},{"taxonomy":"product_tag","embeddable":true,"href":"https:\/\/uj.adatbank.ro\/lexikon\/wp-json\/wp\/v2\/product_tag?post=24755"}],"curies":[{"name":"wp","href":"https:\/\/api.w.org\/{rel}","templated":true}]}}