{"id":24761,"date":"2025-08-01T18:19:41","date_gmt":"2025-08-01T16:19:41","guid":{"rendered":"https:\/\/uj.adatbank.ro\/lexikon\/termek\/wald-david-%c2%a7\/"},"modified":"2025-08-01T18:19:41","modified_gmt":"2025-08-01T16:19:41","slug":"wald-david-%c2%a7","status":"publish","type":"product","link":"https:\/\/uj.adatbank.ro\/lexikon\/termek\/wald-david-%c2%a7\/","title":{"rendered":"WALD D\u00e1vid, \u00a7"},"content":{"rendered":"<p>? 1890., \u2020\u00a0?: A mv.-i Statusquo zsid\u00f3 hitk\u00f6zs\u00e9g el\u0151im\u00e1dkoz\u00f3ja \u00e9s metsz\u0151je volt. Mv.-r\u0151l a feles\u00e9g\u00e9vel (1894) egy\u00fctt deport\u00e1lt\u00e1k (1944. m\u00e1j. 29.). <br \/><strong>\u2013 Irod.:<\/strong> Mv. zsid\u00f3s\u00e1ga.<\/br><\/p>\n","protected":false},"excerpt":{"rendered":"<p>? 1890., \u2020\u00a0?: A mv.-i Statusquo zsid\u00f3 hitk\u00f6zs\u00e9g el\u0151im\u00e1dkoz\u00f3ja \u00e9s metsz\u0151je volt. Mv.-r\u0151l a feles\u00e9g\u00e9vel (1894) egy\u00fctt deport\u00e1lt\u00e1k (1944. m\u00e1j. 29.). \u2013 Irod.: Mv. zsid\u00f3s\u00e1ga.<\/p>\n","protected":false},"featured_media":0,"comment_status":"open","ping_status":"closed","template":"","meta":[],"product_brand":[],"product_cat":[137],"product_tag":[],"class_list":{"0":"post-24761","1":"product","2":"type-product","3":"status-publish","5":"product_cat-maros-megyei-eletrajzi-lexikon","7":"first","8":"instock","9":"shipping-taxable","10":"product-type-simple"},"_links":{"self":[{"href":"https:\/\/uj.adatbank.ro\/lexikon\/wp-json\/wp\/v2\/product\/24761","targetHints":{"allow":["GET"]}}],"collection":[{"href":"https:\/\/uj.adatbank.ro\/lexikon\/wp-json\/wp\/v2\/product"}],"about":[{"href":"https:\/\/uj.adatbank.ro\/lexikon\/wp-json\/wp\/v2\/types\/product"}],"replies":[{"embeddable":true,"href":"https:\/\/uj.adatbank.ro\/lexikon\/wp-json\/wp\/v2\/comments?post=24761"}],"wp:attachment":[{"href":"https:\/\/uj.adatbank.ro\/lexikon\/wp-json\/wp\/v2\/media?parent=24761"}],"wp:term":[{"taxonomy":"product_brand","embeddable":true,"href":"https:\/\/uj.adatbank.ro\/lexikon\/wp-json\/wp\/v2\/product_brand?post=24761"},{"taxonomy":"product_cat","embeddable":true,"href":"https:\/\/uj.adatbank.ro\/lexikon\/wp-json\/wp\/v2\/product_cat?post=24761"},{"taxonomy":"product_tag","embeddable":true,"href":"https:\/\/uj.adatbank.ro\/lexikon\/wp-json\/wp\/v2\/product_tag?post=24761"}],"curies":[{"name":"wp","href":"https:\/\/api.w.org\/{rel}","templated":true}]}}