{"id":24762,"date":"2025-08-01T18:19:43","date_gmt":"2025-08-01T16:19:43","guid":{"rendered":"https:\/\/uj.adatbank.ro\/lexikon\/termek\/waldeckne-bethlen-gabriella-bethleni-gr-waldechne-bethlen-ella-bethlen-gabriella-valeria\/"},"modified":"2025-08-01T18:19:43","modified_gmt":"2025-08-01T16:19:43","slug":"waldeckne-bethlen-gabriella-bethleni-gr-waldechne-bethlen-ella-bethlen-gabriella-valeria","status":"publish","type":"product","link":"https:\/\/uj.adatbank.ro\/lexikon\/termek\/waldeckne-bethlen-gabriella-bethleni-gr-waldechne-bethlen-ella-bethlen-gabriella-valeria\/","title":{"rendered":"WALDECKN\u00c9 BETHLEN Gabriella, bethleni gr., Waldechn\u00e9 Bethlen Ella, Bethlen Gabriella Val\u00e9ria"},"content":{"rendered":"<p>Szamosfalva, 1900. \u00e1pr. 28. \u2020 Mv., 1985. m\u00e1rc. 19.: f\u00f6ldbirtokos. \u2013 Gr. Bethlen Bal\u00e1zs \u00e9s br. J\u00f3sika Beatrix le\u00e1nya. F\u00e9rje: gr. Waldeck Hubert (Tiszaroff, 1881. aug. 28.-uo. 1968. febr. 23). Esk\u00fcv\u0151: \u00c1rokalja, 1923. nov. 29. Fi\u00fak: gr. W. G\u00e1bor (1924? \u2013 \u00c1rokalja, 1940. j\u00fan. 25.). \u2013 \u00c1rokalj\u00e1n volt birtokos. Az \u00e1llamos\u00edt\u00e1s ut\u00e1n bolti el\u00e1rus\u00edt\u00f3 \u00e9s csel\u00e9d volt Mv.-en. <br \/><strong>\u2013 Irod.:<\/strong> Gudenus; Gy\u00e1szjelent\u0151; Mik\u00f3.<\/br><\/p>\n","protected":false},"excerpt":{"rendered":"<p>Szamosfalva, 1900. \u00e1pr. 28. \u2020 Mv., 1985. m\u00e1rc. 19.: f\u00f6ldbirtokos. \u2013 Gr. Bethlen Bal\u00e1zs \u00e9s br. J\u00f3sika Beatrix le\u00e1nya. F\u00e9rje: gr. Waldeck Hubert (Tiszaroff, 1881. aug. 28.-uo. 1968. febr. 23). Esk\u00fcv\u0151: \u00c1rokalja, 1923. nov. 29. Fi\u00fak: gr. W. G\u00e1bor (1924? \u2013 \u00c1rokalja, 1940. j\u00fan. 25.). \u2013 \u00c1rokalj\u00e1n volt birtokos. Az \u00e1llamos\u00edt\u00e1s ut\u00e1n bolti el\u00e1rus\u00edt\u00f3 \u00e9s [&hellip;]<\/p>\n","protected":false},"featured_media":0,"comment_status":"open","ping_status":"closed","template":"","meta":[],"product_brand":[],"product_cat":[137],"product_tag":[],"class_list":{"0":"post-24762","1":"product","2":"type-product","3":"status-publish","5":"product_cat-maros-megyei-eletrajzi-lexikon","7":"first","8":"instock","9":"shipping-taxable","10":"product-type-simple"},"_links":{"self":[{"href":"https:\/\/uj.adatbank.ro\/lexikon\/wp-json\/wp\/v2\/product\/24762","targetHints":{"allow":["GET"]}}],"collection":[{"href":"https:\/\/uj.adatbank.ro\/lexikon\/wp-json\/wp\/v2\/product"}],"about":[{"href":"https:\/\/uj.adatbank.ro\/lexikon\/wp-json\/wp\/v2\/types\/product"}],"replies":[{"embeddable":true,"href":"https:\/\/uj.adatbank.ro\/lexikon\/wp-json\/wp\/v2\/comments?post=24762"}],"wp:attachment":[{"href":"https:\/\/uj.adatbank.ro\/lexikon\/wp-json\/wp\/v2\/media?parent=24762"}],"wp:term":[{"taxonomy":"product_brand","embeddable":true,"href":"https:\/\/uj.adatbank.ro\/lexikon\/wp-json\/wp\/v2\/product_brand?post=24762"},{"taxonomy":"product_cat","embeddable":true,"href":"https:\/\/uj.adatbank.ro\/lexikon\/wp-json\/wp\/v2\/product_cat?post=24762"},{"taxonomy":"product_tag","embeddable":true,"href":"https:\/\/uj.adatbank.ro\/lexikon\/wp-json\/wp\/v2\/product_tag?post=24762"}],"curies":[{"name":"wp","href":"https:\/\/api.w.org\/{rel}","templated":true}]}}