{"id":24763,"date":"2025-08-01T18:19:47","date_gmt":"2025-08-01T16:19:47","guid":{"rendered":"https:\/\/uj.adatbank.ro\/lexikon\/termek\/wallasch-matthias\/"},"modified":"2025-08-01T18:19:47","modified_gmt":"2025-08-01T16:19:47","slug":"wallasch-matthias","status":"publish","type":"product","link":"https:\/\/uj.adatbank.ro\/lexikon\/termek\/wallasch-matthias\/","title":{"rendered":"WALLASCH Matthias"},"content":{"rendered":"<p>Bartfeld (N\u00e9meto.), ? \u2020\u00a0Sz\u00e1szr\u00e9gen ?: tan\u00edt\u00f3. \u2013 Okirat igazolja, h. a sz\u00e1szr\u00e9geni sz\u00e1sz iskola rektora volt (1483). A n\u00e9meto.-i Bartfeld (ma Bardejov \u2013 Szlov\u00e1kia) v\u00e1rosb\u00f3l sz\u00e1rmazott. Ezt az okiratot vett\u00e9k figyelembe, amikor a r\u00e9geni sz\u00e1sz iskola fenn\u00e1ll\u00e1s\u00e1nak 500. \u00e9vfordul\u00f3j\u00e1t meg\u00fcnnepelt\u00e9k, j\u00f3llehet a magiszter kor\u00e1bbi l\u00e9tez\u00e9s\u00e9r\u0151l is tudtak (1983). <br \/><strong>\u2013 Irod.:<\/strong> Bir\u00f3 Don\u00e1t: Sz\u00e1szr\u00e9gen \u00e9s vid\u00e9ke (2000); Ganesch.<\/br><\/p>\n","protected":false},"excerpt":{"rendered":"<p>Bartfeld (N\u00e9meto.), ? \u2020\u00a0Sz\u00e1szr\u00e9gen ?: tan\u00edt\u00f3. \u2013 Okirat igazolja, h. a sz\u00e1szr\u00e9geni sz\u00e1sz iskola rektora volt (1483). A n\u00e9meto.-i Bartfeld (ma Bardejov \u2013 Szlov\u00e1kia) v\u00e1rosb\u00f3l sz\u00e1rmazott. Ezt az okiratot vett\u00e9k figyelembe, amikor a r\u00e9geni sz\u00e1sz iskola fenn\u00e1ll\u00e1s\u00e1nak 500. \u00e9vfordul\u00f3j\u00e1t meg\u00fcnnepelt\u00e9k, j\u00f3llehet a magiszter kor\u00e1bbi l\u00e9tez\u00e9s\u00e9r\u0151l is tudtak (1983). \u2013 Irod.: Bir\u00f3 Don\u00e1t: Sz\u00e1szr\u00e9gen \u00e9s vid\u00e9ke [&hellip;]<\/p>\n","protected":false},"featured_media":0,"comment_status":"open","ping_status":"closed","template":"","meta":[],"product_brand":[],"product_cat":[137],"product_tag":[],"class_list":{"0":"post-24763","1":"product","2":"type-product","3":"status-publish","5":"product_cat-maros-megyei-eletrajzi-lexikon","7":"first","8":"instock","9":"shipping-taxable","10":"product-type-simple"},"_links":{"self":[{"href":"https:\/\/uj.adatbank.ro\/lexikon\/wp-json\/wp\/v2\/product\/24763","targetHints":{"allow":["GET"]}}],"collection":[{"href":"https:\/\/uj.adatbank.ro\/lexikon\/wp-json\/wp\/v2\/product"}],"about":[{"href":"https:\/\/uj.adatbank.ro\/lexikon\/wp-json\/wp\/v2\/types\/product"}],"replies":[{"embeddable":true,"href":"https:\/\/uj.adatbank.ro\/lexikon\/wp-json\/wp\/v2\/comments?post=24763"}],"wp:attachment":[{"href":"https:\/\/uj.adatbank.ro\/lexikon\/wp-json\/wp\/v2\/media?parent=24763"}],"wp:term":[{"taxonomy":"product_brand","embeddable":true,"href":"https:\/\/uj.adatbank.ro\/lexikon\/wp-json\/wp\/v2\/product_brand?post=24763"},{"taxonomy":"product_cat","embeddable":true,"href":"https:\/\/uj.adatbank.ro\/lexikon\/wp-json\/wp\/v2\/product_cat?post=24763"},{"taxonomy":"product_tag","embeddable":true,"href":"https:\/\/uj.adatbank.ro\/lexikon\/wp-json\/wp\/v2\/product_tag?post=24763"}],"curies":[{"name":"wp","href":"https:\/\/api.w.org\/{rel}","templated":true}]}}