{"id":24766,"date":"2025-08-01T18:19:53","date_gmt":"2025-08-01T16:19:53","guid":{"rendered":"https:\/\/uj.adatbank.ro\/lexikon\/termek\/walszer-ferenc\/"},"modified":"2025-08-01T18:19:53","modified_gmt":"2025-08-01T16:19:53","slug":"walszer-ferenc","status":"publish","type":"product","link":"https:\/\/uj.adatbank.ro\/lexikon\/termek\/walszer-ferenc\/","title":{"rendered":"WALSZER Ferenc"},"content":{"rendered":"<p>?, \u2020 ?: harang\u00f6nt\u0151. \u2013 Bp.-i harang\u00f6nt\u0151, aki Marosv\u00e9cs harangj\u00e1t \u00f6nt\u00f6tte (1884). <br \/><strong>\u2013 Irod.:<\/strong> D\u00e1vid L\u00e1szl\u00f3: Harangok, harang\u00f6nt\u0151k (Sz\u00e9kelyf\u00f6ld, 4. sz., 1998. \u00e1pr.).<\/br><\/p>\n","protected":false},"excerpt":{"rendered":"<p>?, \u2020 ?: harang\u00f6nt\u0151. \u2013 Bp.-i harang\u00f6nt\u0151, aki Marosv\u00e9cs harangj\u00e1t \u00f6nt\u00f6tte (1884). \u2013 Irod.: D\u00e1vid L\u00e1szl\u00f3: Harangok, harang\u00f6nt\u0151k (Sz\u00e9kelyf\u00f6ld, 4. sz., 1998. \u00e1pr.).<\/p>\n","protected":false},"featured_media":0,"comment_status":"open","ping_status":"closed","template":"","meta":[],"product_brand":[],"product_cat":[137],"product_tag":[],"class_list":{"0":"post-24766","1":"product","2":"type-product","3":"status-publish","5":"product_cat-maros-megyei-eletrajzi-lexikon","7":"first","8":"instock","9":"shipping-taxable","10":"product-type-simple"},"_links":{"self":[{"href":"https:\/\/uj.adatbank.ro\/lexikon\/wp-json\/wp\/v2\/product\/24766","targetHints":{"allow":["GET"]}}],"collection":[{"href":"https:\/\/uj.adatbank.ro\/lexikon\/wp-json\/wp\/v2\/product"}],"about":[{"href":"https:\/\/uj.adatbank.ro\/lexikon\/wp-json\/wp\/v2\/types\/product"}],"replies":[{"embeddable":true,"href":"https:\/\/uj.adatbank.ro\/lexikon\/wp-json\/wp\/v2\/comments?post=24766"}],"wp:attachment":[{"href":"https:\/\/uj.adatbank.ro\/lexikon\/wp-json\/wp\/v2\/media?parent=24766"}],"wp:term":[{"taxonomy":"product_brand","embeddable":true,"href":"https:\/\/uj.adatbank.ro\/lexikon\/wp-json\/wp\/v2\/product_brand?post=24766"},{"taxonomy":"product_cat","embeddable":true,"href":"https:\/\/uj.adatbank.ro\/lexikon\/wp-json\/wp\/v2\/product_cat?post=24766"},{"taxonomy":"product_tag","embeddable":true,"href":"https:\/\/uj.adatbank.ro\/lexikon\/wp-json\/wp\/v2\/product_tag?post=24766"}],"curies":[{"name":"wp","href":"https:\/\/api.w.org\/{rel}","templated":true}]}}