{"id":24772,"date":"2025-08-01T18:20:08","date_gmt":"2025-08-01T16:20:08","guid":{"rendered":"https:\/\/uj.adatbank.ro\/lexikon\/termek\/walton-jeno\/"},"modified":"2025-08-01T18:20:08","modified_gmt":"2025-08-01T16:20:08","slug":"walton-jeno","status":"publish","type":"product","link":"https:\/\/uj.adatbank.ro\/lexikon\/termek\/walton-jeno\/","title":{"rendered":"WALTON Jen\u0151"},"content":{"rendered":"<p>?, \u2020 Mv., 1987. aug. 29.: \u00e9nekes, zeneszerz\u0151. \u2013 Zongor\u00e1zott a mv.-i Sz\u00e9kely Sz\u00ednh\u00e1z el\u0151ad\u00e1sain: J\u00f3 mulat\u00e1st (1953), Vannak m\u00e9g hib\u00e1k (1954); K\u00f6nny\u0171zeneset (1955). <br \/><strong>\u2013 Irod.:<\/strong> [Nekrol\u00f3g] (V. Z., 1987. szept. 1.); Horv\u00e1th Bea.<\/br><\/p>\n","protected":false},"excerpt":{"rendered":"<p>?, \u2020 Mv., 1987. aug. 29.: \u00e9nekes, zeneszerz\u0151. \u2013 Zongor\u00e1zott a mv.-i Sz\u00e9kely Sz\u00ednh\u00e1z el\u0151ad\u00e1sain: J\u00f3 mulat\u00e1st (1953), Vannak m\u00e9g hib\u00e1k (1954); K\u00f6nny\u0171zeneset (1955). \u2013 Irod.: [Nekrol\u00f3g] (V. Z., 1987. szept. 1.); Horv\u00e1th Bea.<\/p>\n","protected":false},"featured_media":0,"comment_status":"open","ping_status":"closed","template":"","meta":[],"product_brand":[],"product_cat":[137],"product_tag":[],"class_list":{"0":"post-24772","1":"product","2":"type-product","3":"status-publish","5":"product_cat-maros-megyei-eletrajzi-lexikon","7":"first","8":"instock","9":"shipping-taxable","10":"product-type-simple"},"_links":{"self":[{"href":"https:\/\/uj.adatbank.ro\/lexikon\/wp-json\/wp\/v2\/product\/24772","targetHints":{"allow":["GET"]}}],"collection":[{"href":"https:\/\/uj.adatbank.ro\/lexikon\/wp-json\/wp\/v2\/product"}],"about":[{"href":"https:\/\/uj.adatbank.ro\/lexikon\/wp-json\/wp\/v2\/types\/product"}],"replies":[{"embeddable":true,"href":"https:\/\/uj.adatbank.ro\/lexikon\/wp-json\/wp\/v2\/comments?post=24772"}],"wp:attachment":[{"href":"https:\/\/uj.adatbank.ro\/lexikon\/wp-json\/wp\/v2\/media?parent=24772"}],"wp:term":[{"taxonomy":"product_brand","embeddable":true,"href":"https:\/\/uj.adatbank.ro\/lexikon\/wp-json\/wp\/v2\/product_brand?post=24772"},{"taxonomy":"product_cat","embeddable":true,"href":"https:\/\/uj.adatbank.ro\/lexikon\/wp-json\/wp\/v2\/product_cat?post=24772"},{"taxonomy":"product_tag","embeddable":true,"href":"https:\/\/uj.adatbank.ro\/lexikon\/wp-json\/wp\/v2\/product_tag?post=24772"}],"curies":[{"name":"wp","href":"https:\/\/api.w.org\/{rel}","templated":true}]}}