{"id":24776,"date":"2025-08-01T18:20:16","date_gmt":"2025-08-01T16:20:16","guid":{"rendered":"https:\/\/uj.adatbank.ro\/lexikon\/termek\/wargha-istvan\/"},"modified":"2025-08-01T18:20:16","modified_gmt":"2025-08-01T16:20:16","slug":"wargha-istvan","status":"publish","type":"product","link":"https:\/\/uj.adatbank.ro\/lexikon\/termek\/wargha-istvan\/","title":{"rendered":"WARGHA Istv\u00e1n"},"content":{"rendered":"<p>? \u2020\u00a0?: f\u00e9nyk\u00e9p\u00e9sz. \u2013 M\u0171helye volt Mv.-en: Chiehulski \u00e9s Wargha (1874\u201380). <br \/><strong>\u2013 Irod.:<\/strong> Ga\u00e1l Korn\u00e9lia: Az egykori Mv. (N\u00fa., 1995. j\u00fal. 26.); Mikl\u00f3si-Sikes.<\/br><\/p>\n","protected":false},"excerpt":{"rendered":"<p>? \u2020\u00a0?: f\u00e9nyk\u00e9p\u00e9sz. \u2013 M\u0171helye volt Mv.-en: Chiehulski \u00e9s Wargha (1874\u201380). \u2013 Irod.: Ga\u00e1l Korn\u00e9lia: Az egykori Mv. (N\u00fa., 1995. j\u00fal. 26.); Mikl\u00f3si-Sikes.<\/p>\n","protected":false},"featured_media":0,"comment_status":"open","ping_status":"closed","template":"","meta":[],"product_brand":[],"product_cat":[137],"product_tag":[],"class_list":{"0":"post-24776","1":"product","2":"type-product","3":"status-publish","5":"product_cat-maros-megyei-eletrajzi-lexikon","7":"first","8":"instock","9":"shipping-taxable","10":"product-type-simple"},"_links":{"self":[{"href":"https:\/\/uj.adatbank.ro\/lexikon\/wp-json\/wp\/v2\/product\/24776","targetHints":{"allow":["GET"]}}],"collection":[{"href":"https:\/\/uj.adatbank.ro\/lexikon\/wp-json\/wp\/v2\/product"}],"about":[{"href":"https:\/\/uj.adatbank.ro\/lexikon\/wp-json\/wp\/v2\/types\/product"}],"replies":[{"embeddable":true,"href":"https:\/\/uj.adatbank.ro\/lexikon\/wp-json\/wp\/v2\/comments?post=24776"}],"wp:attachment":[{"href":"https:\/\/uj.adatbank.ro\/lexikon\/wp-json\/wp\/v2\/media?parent=24776"}],"wp:term":[{"taxonomy":"product_brand","embeddable":true,"href":"https:\/\/uj.adatbank.ro\/lexikon\/wp-json\/wp\/v2\/product_brand?post=24776"},{"taxonomy":"product_cat","embeddable":true,"href":"https:\/\/uj.adatbank.ro\/lexikon\/wp-json\/wp\/v2\/product_cat?post=24776"},{"taxonomy":"product_tag","embeddable":true,"href":"https:\/\/uj.adatbank.ro\/lexikon\/wp-json\/wp\/v2\/product_tag?post=24776"}],"curies":[{"name":"wp","href":"https:\/\/api.w.org\/{rel}","templated":true}]}}