{"id":24779,"date":"2025-08-01T18:20:22","date_gmt":"2025-08-01T16:20:22","guid":{"rendered":"https:\/\/uj.adatbank.ro\/lexikon\/termek\/wass-albert-cegei-es-szentegyedi-gr\/"},"modified":"2025-08-01T18:20:22","modified_gmt":"2025-08-01T16:20:22","slug":"wass-albert-cegei-es-szentegyedi-gr","status":"publish","type":"product","link":"https:\/\/uj.adatbank.ro\/lexikon\/termek\/wass-albert-cegei-es-szentegyedi-gr\/","title":{"rendered":"WASS Albert, cegei \u00e9s szentegyedi gr."},"content":{"rendered":"<p>Nagyikl\u00f3d, 1819. febr. 10., \u2020 Mez\u0151z\u00e1h, 1911. szept. 1.: birtokos, a m. f\u0151rendih\u00e1z \u00f6r\u00f6k\u00f6s tagja, f\u0151korm\u00e1nysz\u00e9ki titk\u00e1r. \u2013 Birtokai: Mez\u0151z\u00e1h, Mez\u0151fr\u00e1ta, Szent-Goth\u00e1rd, Szent-Egyed, Pujon. \u2013 Feles\u00e9ge sepsisz\u00e9ki Kily\u00e9n M\u00e1ria (Esk. Kv.) Mez\u0151z\u00e1hon \u00e9ltek. <br \/><strong>\u2013 Irod.:<\/strong> Gudenus; Nagy Iv\u00e1n.<\/br><\/p>\n","protected":false},"excerpt":{"rendered":"<p>Nagyikl\u00f3d, 1819. febr. 10., \u2020 Mez\u0151z\u00e1h, 1911. szept. 1.: birtokos, a m. f\u0151rendih\u00e1z \u00f6r\u00f6k\u00f6s tagja, f\u0151korm\u00e1nysz\u00e9ki titk\u00e1r. \u2013 Birtokai: Mez\u0151z\u00e1h, Mez\u0151fr\u00e1ta, Szent-Goth\u00e1rd, Szent-Egyed, Pujon. \u2013 Feles\u00e9ge sepsisz\u00e9ki Kily\u00e9n M\u00e1ria (Esk. Kv.) Mez\u0151z\u00e1hon \u00e9ltek. \u2013 Irod.: Gudenus; Nagy Iv\u00e1n.<\/p>\n","protected":false},"featured_media":0,"comment_status":"open","ping_status":"closed","template":"","meta":[],"product_brand":[],"product_cat":[137],"product_tag":[],"class_list":{"0":"post-24779","1":"product","2":"type-product","3":"status-publish","5":"product_cat-maros-megyei-eletrajzi-lexikon","7":"first","8":"instock","9":"shipping-taxable","10":"product-type-simple"},"_links":{"self":[{"href":"https:\/\/uj.adatbank.ro\/lexikon\/wp-json\/wp\/v2\/product\/24779","targetHints":{"allow":["GET"]}}],"collection":[{"href":"https:\/\/uj.adatbank.ro\/lexikon\/wp-json\/wp\/v2\/product"}],"about":[{"href":"https:\/\/uj.adatbank.ro\/lexikon\/wp-json\/wp\/v2\/types\/product"}],"replies":[{"embeddable":true,"href":"https:\/\/uj.adatbank.ro\/lexikon\/wp-json\/wp\/v2\/comments?post=24779"}],"wp:attachment":[{"href":"https:\/\/uj.adatbank.ro\/lexikon\/wp-json\/wp\/v2\/media?parent=24779"}],"wp:term":[{"taxonomy":"product_brand","embeddable":true,"href":"https:\/\/uj.adatbank.ro\/lexikon\/wp-json\/wp\/v2\/product_brand?post=24779"},{"taxonomy":"product_cat","embeddable":true,"href":"https:\/\/uj.adatbank.ro\/lexikon\/wp-json\/wp\/v2\/product_cat?post=24779"},{"taxonomy":"product_tag","embeddable":true,"href":"https:\/\/uj.adatbank.ro\/lexikon\/wp-json\/wp\/v2\/product_tag?post=24779"}],"curies":[{"name":"wp","href":"https:\/\/api.w.org\/{rel}","templated":true}]}}