{"id":24784,"date":"2025-08-01T18:20:35","date_gmt":"2025-08-01T16:20:35","guid":{"rendered":"https:\/\/uj.adatbank.ro\/lexikon\/termek\/wass-ida-czegei-es-szentegyedi-gr-ujfalvi-gyulane\/"},"modified":"2025-08-01T18:20:35","modified_gmt":"2025-08-01T16:20:35","slug":"wass-ida-czegei-es-szentegyedi-gr-ujfalvi-gyulane","status":"publish","type":"product","link":"https:\/\/uj.adatbank.ro\/lexikon\/termek\/wass-ida-czegei-es-szentegyedi-gr-ujfalvi-gyulane\/","title":{"rendered":"WASS Ida, czegei \u00e9s szentegyedi gr., \u00dajfalvi Gyul\u00e1n\u00e9"},"content":{"rendered":"<p>Mez\u0151z\u00e1h, 1851. j\u00fal. 13., \u2020 ?: birtokos. \u2013 Albert \u00e9s Kily\u00e9n M\u00e1ria le\u00e1nya. \u2013 F\u00e9rjhez ment k\u00f6vesdi \u00dajfalvy Gyul\u00e1hoz (esk. Mez\u0151z\u00e1h, 1886), majd Grazban Seenuss Theobald cs. k. alezredeshez. Nagylelk\u0171 adom\u00e1ny\u00e1val hozz\u00e1j\u00e1rult a mez\u0151z\u00e1hi ref. templom \u00e9p\u00edt\u00e9s\u00e9hez (1888). <br \/><strong>\u2013 Irod.:<\/strong> Gudenus; Az Erd\u00e9lyi Ref. Egyh\u00e1zker\u00fclet k\u00f6zgy\u0171l\u00e9s\u00e9nek jegyz\u0151k\u00f6nyve (Kv., 1888).<\/br><\/p>\n","protected":false},"excerpt":{"rendered":"<p>Mez\u0151z\u00e1h, 1851. j\u00fal. 13., \u2020 ?: birtokos. \u2013 Albert \u00e9s Kily\u00e9n M\u00e1ria le\u00e1nya. \u2013 F\u00e9rjhez ment k\u00f6vesdi \u00dajfalvy Gyul\u00e1hoz (esk. Mez\u0151z\u00e1h, 1886), majd Grazban Seenuss Theobald cs. k. alezredeshez. Nagylelk\u0171 adom\u00e1ny\u00e1val hozz\u00e1j\u00e1rult a mez\u0151z\u00e1hi ref. templom \u00e9p\u00edt\u00e9s\u00e9hez (1888). \u2013 Irod.: Gudenus; Az Erd\u00e9lyi Ref. Egyh\u00e1zker\u00fclet k\u00f6zgy\u0171l\u00e9s\u00e9nek jegyz\u0151k\u00f6nyve (Kv., 1888).<\/p>\n","protected":false},"featured_media":0,"comment_status":"open","ping_status":"closed","template":"","meta":[],"product_brand":[],"product_cat":[137],"product_tag":[],"class_list":{"0":"post-24784","1":"product","2":"type-product","3":"status-publish","5":"product_cat-maros-megyei-eletrajzi-lexikon","7":"first","8":"instock","9":"shipping-taxable","10":"product-type-simple"},"_links":{"self":[{"href":"https:\/\/uj.adatbank.ro\/lexikon\/wp-json\/wp\/v2\/product\/24784","targetHints":{"allow":["GET"]}}],"collection":[{"href":"https:\/\/uj.adatbank.ro\/lexikon\/wp-json\/wp\/v2\/product"}],"about":[{"href":"https:\/\/uj.adatbank.ro\/lexikon\/wp-json\/wp\/v2\/types\/product"}],"replies":[{"embeddable":true,"href":"https:\/\/uj.adatbank.ro\/lexikon\/wp-json\/wp\/v2\/comments?post=24784"}],"wp:attachment":[{"href":"https:\/\/uj.adatbank.ro\/lexikon\/wp-json\/wp\/v2\/media?parent=24784"}],"wp:term":[{"taxonomy":"product_brand","embeddable":true,"href":"https:\/\/uj.adatbank.ro\/lexikon\/wp-json\/wp\/v2\/product_brand?post=24784"},{"taxonomy":"product_cat","embeddable":true,"href":"https:\/\/uj.adatbank.ro\/lexikon\/wp-json\/wp\/v2\/product_cat?post=24784"},{"taxonomy":"product_tag","embeddable":true,"href":"https:\/\/uj.adatbank.ro\/lexikon\/wp-json\/wp\/v2\/product_tag?post=24784"}],"curies":[{"name":"wp","href":"https:\/\/api.w.org\/{rel}","templated":true}]}}