{"id":24785,"date":"2025-08-01T18:20:37","date_gmt":"2025-08-01T16:20:37","guid":{"rendered":"https:\/\/uj.adatbank.ro\/lexikon\/termek\/wass-janos-vas-cegei\/"},"modified":"2025-08-01T18:20:37","modified_gmt":"2025-08-01T16:20:37","slug":"wass-janos-vas-cegei","status":"publish","type":"product","link":"https:\/\/uj.adatbank.ro\/lexikon\/termek\/wass-janos-vas-cegei\/","title":{"rendered":"WASS J\u00e1nos, Vas, cegei"},"content":{"rendered":"<p>? 1623 k., 1636 \u2020 1680: birtokos, f\u0151isp\u00e1n, kir\u00e1lyb\u00edr\u00f3. \u2013 Ferenc unok\u00e1ja. Fia, D\u00e1niel R\u00e1k\u00f3czi h\u00edve, kir. t\u00e1bla \u00fcln\u00f6ke. Unok\u00e1i kapt\u00e1k a gr\u00f3fi rangot M\u00e1ria Ter\u00e9zi\u00e1t\u00f3l. A deput\u00e1ci\u00f3 tagja (1664\u2013), Marossz\u00e9k f\u0151kir\u00e1lyb\u00edr\u00e1ja (1670\u2013), portai k\u00f6vet (1678), a fejedelmi t\u00e1bla \u00fcln\u00f6ke (1680), Bels\u0151-Szolnok vm. f\u0151isp\u00e1nja (1680. jan. 15. \u2013). <br \/><strong>\u2013 Irod.:<\/strong> Teleki Mih\u00e1ly udvartart\u00e1si napl\u00f3ja (1673\u20131681) (Kv., 2007).<\/br><\/p>\n","protected":false},"excerpt":{"rendered":"<p>? 1623 k., 1636 \u2020 1680: birtokos, f\u0151isp\u00e1n, kir\u00e1lyb\u00edr\u00f3. \u2013 Ferenc unok\u00e1ja. Fia, D\u00e1niel R\u00e1k\u00f3czi h\u00edve, kir. t\u00e1bla \u00fcln\u00f6ke. Unok\u00e1i kapt\u00e1k a gr\u00f3fi rangot M\u00e1ria Ter\u00e9zi\u00e1t\u00f3l. A deput\u00e1ci\u00f3 tagja (1664\u2013), Marossz\u00e9k f\u0151kir\u00e1lyb\u00edr\u00e1ja (1670\u2013), portai k\u00f6vet (1678), a fejedelmi t\u00e1bla \u00fcln\u00f6ke (1680), Bels\u0151-Szolnok vm. f\u0151isp\u00e1nja (1680. jan. 15. \u2013). \u2013 Irod.: Teleki Mih\u00e1ly udvartart\u00e1si napl\u00f3ja (1673\u20131681) [&hellip;]<\/p>\n","protected":false},"featured_media":0,"comment_status":"open","ping_status":"closed","template":"","meta":[],"product_brand":[],"product_cat":[137],"product_tag":[],"class_list":{"0":"post-24785","1":"product","2":"type-product","3":"status-publish","5":"product_cat-maros-megyei-eletrajzi-lexikon","7":"first","8":"instock","9":"shipping-taxable","10":"product-type-simple"},"_links":{"self":[{"href":"https:\/\/uj.adatbank.ro\/lexikon\/wp-json\/wp\/v2\/product\/24785","targetHints":{"allow":["GET"]}}],"collection":[{"href":"https:\/\/uj.adatbank.ro\/lexikon\/wp-json\/wp\/v2\/product"}],"about":[{"href":"https:\/\/uj.adatbank.ro\/lexikon\/wp-json\/wp\/v2\/types\/product"}],"replies":[{"embeddable":true,"href":"https:\/\/uj.adatbank.ro\/lexikon\/wp-json\/wp\/v2\/comments?post=24785"}],"wp:attachment":[{"href":"https:\/\/uj.adatbank.ro\/lexikon\/wp-json\/wp\/v2\/media?parent=24785"}],"wp:term":[{"taxonomy":"product_brand","embeddable":true,"href":"https:\/\/uj.adatbank.ro\/lexikon\/wp-json\/wp\/v2\/product_brand?post=24785"},{"taxonomy":"product_cat","embeddable":true,"href":"https:\/\/uj.adatbank.ro\/lexikon\/wp-json\/wp\/v2\/product_cat?post=24785"},{"taxonomy":"product_tag","embeddable":true,"href":"https:\/\/uj.adatbank.ro\/lexikon\/wp-json\/wp\/v2\/product_tag?post=24785"}],"curies":[{"name":"wp","href":"https:\/\/api.w.org\/{rel}","templated":true}]}}