{"id":24787,"date":"2025-08-01T18:20:41","date_gmt":"2025-08-01T16:20:41","guid":{"rendered":"https:\/\/uj.adatbank.ro\/lexikon\/termek\/wass-katalin-czegei-es-szentegyedi-gr-toldalaghi-laszlone\/"},"modified":"2025-08-01T18:20:41","modified_gmt":"2025-08-01T16:20:41","slug":"wass-katalin-czegei-es-szentegyedi-gr-toldalaghi-laszlone","status":"publish","type":"product","link":"https:\/\/uj.adatbank.ro\/lexikon\/termek\/wass-katalin-czegei-es-szentegyedi-gr-toldalaghi-laszlone\/","title":{"rendered":"WASS Katalin, czegei, \u00e9s szentegyedi gr.; Toldalaghi L\u00e1szl\u00f3n\u00e9"},"content":{"rendered":"<p>? \u2020\u00a0?: birtokos gr\u00f3fn\u0151. \u2013 \u00c9lt 58 \u00e9vet. \u2013 F\u00e9rje nagyercsei Tholdalagi L\u00e1szl\u00f3 (1717\u20131779). Gyermekeik: Anna, L\u00e1szl\u00f3, Istv\u00e1n, Julianna, M\u00e1ria \u00e9s Krisztina. A mv.-i Toldalagi palota \u00e9p\u00edttet\u0151i, nev\u00fcket a homlokzatra helyezett eml\u00e9kt\u00e1bla \u00f6r\u00f6k\u00edti meg. <br \/><strong>\u2013 Irod.:<\/strong> Keresztes 1998; Szucher Ervin: Nemes csontv\u00e1zak k\u00f6z\u00f6tt (N\u00fa., 1991. \u00e1pr. 2.).<\/br><\/p>\n","protected":false},"excerpt":{"rendered":"<p>? \u2020\u00a0?: birtokos gr\u00f3fn\u0151. \u2013 \u00c9lt 58 \u00e9vet. \u2013 F\u00e9rje nagyercsei Tholdalagi L\u00e1szl\u00f3 (1717\u20131779). Gyermekeik: Anna, L\u00e1szl\u00f3, Istv\u00e1n, Julianna, M\u00e1ria \u00e9s Krisztina. A mv.-i Toldalagi palota \u00e9p\u00edttet\u0151i, nev\u00fcket a homlokzatra helyezett eml\u00e9kt\u00e1bla \u00f6r\u00f6k\u00edti meg. \u2013 Irod.: Keresztes 1998; Szucher Ervin: Nemes csontv\u00e1zak k\u00f6z\u00f6tt (N\u00fa., 1991. \u00e1pr. 2.).<\/p>\n","protected":false},"featured_media":0,"comment_status":"open","ping_status":"closed","template":"","meta":[],"product_brand":[],"product_cat":[137],"product_tag":[],"class_list":{"0":"post-24787","1":"product","2":"type-product","3":"status-publish","5":"product_cat-maros-megyei-eletrajzi-lexikon","7":"first","8":"instock","9":"shipping-taxable","10":"product-type-simple"},"_links":{"self":[{"href":"https:\/\/uj.adatbank.ro\/lexikon\/wp-json\/wp\/v2\/product\/24787","targetHints":{"allow":["GET"]}}],"collection":[{"href":"https:\/\/uj.adatbank.ro\/lexikon\/wp-json\/wp\/v2\/product"}],"about":[{"href":"https:\/\/uj.adatbank.ro\/lexikon\/wp-json\/wp\/v2\/types\/product"}],"replies":[{"embeddable":true,"href":"https:\/\/uj.adatbank.ro\/lexikon\/wp-json\/wp\/v2\/comments?post=24787"}],"wp:attachment":[{"href":"https:\/\/uj.adatbank.ro\/lexikon\/wp-json\/wp\/v2\/media?parent=24787"}],"wp:term":[{"taxonomy":"product_brand","embeddable":true,"href":"https:\/\/uj.adatbank.ro\/lexikon\/wp-json\/wp\/v2\/product_brand?post=24787"},{"taxonomy":"product_cat","embeddable":true,"href":"https:\/\/uj.adatbank.ro\/lexikon\/wp-json\/wp\/v2\/product_cat?post=24787"},{"taxonomy":"product_tag","embeddable":true,"href":"https:\/\/uj.adatbank.ro\/lexikon\/wp-json\/wp\/v2\/product_tag?post=24787"}],"curies":[{"name":"wp","href":"https:\/\/api.w.org\/{rel}","templated":true}]}}