{"id":24792,"date":"2025-08-01T18:20:53","date_gmt":"2025-08-01T16:20:53","guid":{"rendered":"https:\/\/uj.adatbank.ro\/lexikon\/termek\/wass-zsigmond\/"},"modified":"2025-08-01T18:20:53","modified_gmt":"2025-08-01T16:20:53","slug":"wass-zsigmond","status":"publish","type":"product","link":"https:\/\/uj.adatbank.ro\/lexikon\/termek\/wass-zsigmond\/","title":{"rendered":"WASS Zsigmond"},"content":{"rendered":"<p>? \u2020\u00a0?: K\u00fck\u00fcll\u0151 megye sz\u00e1szn\u00e1dasi j\u00e1r\u00e1s\u00e1nak szolgab\u00edr\u00e1ja. <br \/><strong>\u2013 Irod.:<\/strong> Bolyai-levelek.<\/br><\/p>\n","protected":false},"excerpt":{"rendered":"<p>? \u2020\u00a0?: K\u00fck\u00fcll\u0151 megye sz\u00e1szn\u00e1dasi j\u00e1r\u00e1s\u00e1nak szolgab\u00edr\u00e1ja. \u2013 Irod.: Bolyai-levelek.<\/p>\n","protected":false},"featured_media":0,"comment_status":"open","ping_status":"closed","template":"","meta":[],"product_brand":[],"product_cat":[137],"product_tag":[],"class_list":{"0":"post-24792","1":"product","2":"type-product","3":"status-publish","5":"product_cat-maros-megyei-eletrajzi-lexikon","7":"first","8":"instock","9":"shipping-taxable","10":"product-type-simple"},"_links":{"self":[{"href":"https:\/\/uj.adatbank.ro\/lexikon\/wp-json\/wp\/v2\/product\/24792","targetHints":{"allow":["GET"]}}],"collection":[{"href":"https:\/\/uj.adatbank.ro\/lexikon\/wp-json\/wp\/v2\/product"}],"about":[{"href":"https:\/\/uj.adatbank.ro\/lexikon\/wp-json\/wp\/v2\/types\/product"}],"replies":[{"embeddable":true,"href":"https:\/\/uj.adatbank.ro\/lexikon\/wp-json\/wp\/v2\/comments?post=24792"}],"wp:attachment":[{"href":"https:\/\/uj.adatbank.ro\/lexikon\/wp-json\/wp\/v2\/media?parent=24792"}],"wp:term":[{"taxonomy":"product_brand","embeddable":true,"href":"https:\/\/uj.adatbank.ro\/lexikon\/wp-json\/wp\/v2\/product_brand?post=24792"},{"taxonomy":"product_cat","embeddable":true,"href":"https:\/\/uj.adatbank.ro\/lexikon\/wp-json\/wp\/v2\/product_cat?post=24792"},{"taxonomy":"product_tag","embeddable":true,"href":"https:\/\/uj.adatbank.ro\/lexikon\/wp-json\/wp\/v2\/product_tag?post=24792"}],"curies":[{"name":"wp","href":"https:\/\/api.w.org\/{rel}","templated":true}]}}