{"id":24794,"date":"2025-08-01T18:20:57","date_gmt":"2025-08-01T16:20:57","guid":{"rendered":"https:\/\/uj.adatbank.ro\/lexikon\/termek\/wavrina-stefan\/"},"modified":"2025-08-01T18:20:57","modified_gmt":"2025-08-01T16:20:57","slug":"wavrina-stefan","status":"publish","type":"product","link":"https:\/\/uj.adatbank.ro\/lexikon\/termek\/wavrina-stefan\/","title":{"rendered":"WAVRINA, Stefan"},"content":{"rendered":"<p>? \u2020\u00a0?: sz\u00e1szr\u00e9geni iparos (textil \u00e9s ruh\u00e1zati ipar). <br \/><strong>\u2013 Irod.:<\/strong> Dorn Alexander: Die Protokollirten Firmen \u00d6sterreich-Ungarn, Bosnien &#8230; (Wien, 1892).<\/br><\/p>\n","protected":false},"excerpt":{"rendered":"<p>? \u2020\u00a0?: sz\u00e1szr\u00e9geni iparos (textil \u00e9s ruh\u00e1zati ipar). \u2013 Irod.: Dorn Alexander: Die Protokollirten Firmen \u00d6sterreich-Ungarn, Bosnien &#8230; (Wien, 1892).<\/p>\n","protected":false},"featured_media":0,"comment_status":"open","ping_status":"closed","template":"","meta":[],"product_brand":[],"product_cat":[137],"product_tag":[],"class_list":{"0":"post-24794","1":"product","2":"type-product","3":"status-publish","5":"product_cat-maros-megyei-eletrajzi-lexikon","7":"first","8":"instock","9":"shipping-taxable","10":"product-type-simple"},"_links":{"self":[{"href":"https:\/\/uj.adatbank.ro\/lexikon\/wp-json\/wp\/v2\/product\/24794","targetHints":{"allow":["GET"]}}],"collection":[{"href":"https:\/\/uj.adatbank.ro\/lexikon\/wp-json\/wp\/v2\/product"}],"about":[{"href":"https:\/\/uj.adatbank.ro\/lexikon\/wp-json\/wp\/v2\/types\/product"}],"replies":[{"embeddable":true,"href":"https:\/\/uj.adatbank.ro\/lexikon\/wp-json\/wp\/v2\/comments?post=24794"}],"wp:attachment":[{"href":"https:\/\/uj.adatbank.ro\/lexikon\/wp-json\/wp\/v2\/media?parent=24794"}],"wp:term":[{"taxonomy":"product_brand","embeddable":true,"href":"https:\/\/uj.adatbank.ro\/lexikon\/wp-json\/wp\/v2\/product_brand?post=24794"},{"taxonomy":"product_cat","embeddable":true,"href":"https:\/\/uj.adatbank.ro\/lexikon\/wp-json\/wp\/v2\/product_cat?post=24794"},{"taxonomy":"product_tag","embeddable":true,"href":"https:\/\/uj.adatbank.ro\/lexikon\/wp-json\/wp\/v2\/product_tag?post=24794"}],"curies":[{"name":"wp","href":"https:\/\/api.w.org\/{rel}","templated":true}]}}