{"id":24797,"date":"2025-08-01T18:21:02","date_gmt":"2025-08-01T16:21:02","guid":{"rendered":"https:\/\/uj.adatbank.ro\/lexikon\/termek\/weber-ede\/"},"modified":"2025-08-01T18:21:02","modified_gmt":"2025-08-01T16:21:02","slug":"weber-ede","status":"publish","type":"product","link":"https:\/\/uj.adatbank.ro\/lexikon\/termek\/weber-ede\/","title":{"rendered":"WEBER Ede"},"content":{"rendered":"<p>? \u2020\u00a0?: kov\u00e1csmester. \u2013 Sz\u00e1szr\u00e9genben m\u0171k\u00f6d\u00f6tt, a Mv.-i Kereskedelmi \u00e9s Iparkamara tagja. Kov\u00e1csolt vas term\u00e9keivel r\u00e9szt vett a Buk.-ben rendezett ki\u00e1ll\u00edt\u00e1son (1906). <br \/><strong>\u2013 Irod.:<\/strong> Nan: Camera de comer\u0163.<\/br><\/p>\n","protected":false},"excerpt":{"rendered":"<p>? \u2020\u00a0?: kov\u00e1csmester. \u2013 Sz\u00e1szr\u00e9genben m\u0171k\u00f6d\u00f6tt, a Mv.-i Kereskedelmi \u00e9s Iparkamara tagja. Kov\u00e1csolt vas term\u00e9keivel r\u00e9szt vett a Buk.-ben rendezett ki\u00e1ll\u00edt\u00e1son (1906). \u2013 Irod.: Nan: Camera de comer\u0163.<\/p>\n","protected":false},"featured_media":0,"comment_status":"open","ping_status":"closed","template":"","meta":[],"product_brand":[],"product_cat":[137],"product_tag":[],"class_list":{"0":"post-24797","1":"product","2":"type-product","3":"status-publish","5":"product_cat-maros-megyei-eletrajzi-lexikon","7":"first","8":"instock","9":"shipping-taxable","10":"product-type-simple"},"_links":{"self":[{"href":"https:\/\/uj.adatbank.ro\/lexikon\/wp-json\/wp\/v2\/product\/24797","targetHints":{"allow":["GET"]}}],"collection":[{"href":"https:\/\/uj.adatbank.ro\/lexikon\/wp-json\/wp\/v2\/product"}],"about":[{"href":"https:\/\/uj.adatbank.ro\/lexikon\/wp-json\/wp\/v2\/types\/product"}],"replies":[{"embeddable":true,"href":"https:\/\/uj.adatbank.ro\/lexikon\/wp-json\/wp\/v2\/comments?post=24797"}],"wp:attachment":[{"href":"https:\/\/uj.adatbank.ro\/lexikon\/wp-json\/wp\/v2\/media?parent=24797"}],"wp:term":[{"taxonomy":"product_brand","embeddable":true,"href":"https:\/\/uj.adatbank.ro\/lexikon\/wp-json\/wp\/v2\/product_brand?post=24797"},{"taxonomy":"product_cat","embeddable":true,"href":"https:\/\/uj.adatbank.ro\/lexikon\/wp-json\/wp\/v2\/product_cat?post=24797"},{"taxonomy":"product_tag","embeddable":true,"href":"https:\/\/uj.adatbank.ro\/lexikon\/wp-json\/wp\/v2\/product_tag?post=24797"}],"curies":[{"name":"wp","href":"https:\/\/api.w.org\/{rel}","templated":true}]}}