{"id":24800,"date":"2025-08-01T18:21:08","date_gmt":"2025-08-01T16:21:08","guid":{"rendered":"https:\/\/uj.adatbank.ro\/lexikon\/termek\/weber-mihail\/"},"modified":"2025-08-01T18:21:08","modified_gmt":"2025-08-01T16:21:08","slug":"weber-mihail","status":"publish","type":"product","link":"https:\/\/uj.adatbank.ro\/lexikon\/termek\/weber-mihail\/","title":{"rendered":"WEBER Mihail"},"content":{"rendered":"<p>? \u2020\u00a0?: f\u00f6ldbirtokos. \u2013 Sz\u00e9naver\u0151sben \u00f6r\u00f6k\u00f6seit\u0151l kisaj\u00e1t\u00edtottak 220 n\u00f6. f\u00f6ldet rom. tannyelv\u0171 iskola \u00e9p\u00edt\u00e9s\u00e9re (1923). <br \/><strong>\u2013 Irod.:<\/strong> Prozan.<\/br><\/p>\n","protected":false},"excerpt":{"rendered":"<p>? \u2020\u00a0?: f\u00f6ldbirtokos. \u2013 Sz\u00e9naver\u0151sben \u00f6r\u00f6k\u00f6seit\u0151l kisaj\u00e1t\u00edtottak 220 n\u00f6. f\u00f6ldet rom. tannyelv\u0171 iskola \u00e9p\u00edt\u00e9s\u00e9re (1923). \u2013 Irod.: Prozan.<\/p>\n","protected":false},"featured_media":0,"comment_status":"open","ping_status":"closed","template":"","meta":[],"product_brand":[],"product_cat":[137],"product_tag":[],"class_list":{"0":"post-24800","1":"product","2":"type-product","3":"status-publish","5":"product_cat-maros-megyei-eletrajzi-lexikon","7":"first","8":"instock","9":"shipping-taxable","10":"product-type-simple"},"_links":{"self":[{"href":"https:\/\/uj.adatbank.ro\/lexikon\/wp-json\/wp\/v2\/product\/24800","targetHints":{"allow":["GET"]}}],"collection":[{"href":"https:\/\/uj.adatbank.ro\/lexikon\/wp-json\/wp\/v2\/product"}],"about":[{"href":"https:\/\/uj.adatbank.ro\/lexikon\/wp-json\/wp\/v2\/types\/product"}],"replies":[{"embeddable":true,"href":"https:\/\/uj.adatbank.ro\/lexikon\/wp-json\/wp\/v2\/comments?post=24800"}],"wp:attachment":[{"href":"https:\/\/uj.adatbank.ro\/lexikon\/wp-json\/wp\/v2\/media?parent=24800"}],"wp:term":[{"taxonomy":"product_brand","embeddable":true,"href":"https:\/\/uj.adatbank.ro\/lexikon\/wp-json\/wp\/v2\/product_brand?post=24800"},{"taxonomy":"product_cat","embeddable":true,"href":"https:\/\/uj.adatbank.ro\/lexikon\/wp-json\/wp\/v2\/product_cat?post=24800"},{"taxonomy":"product_tag","embeddable":true,"href":"https:\/\/uj.adatbank.ro\/lexikon\/wp-json\/wp\/v2\/product_tag?post=24800"}],"curies":[{"name":"wp","href":"https:\/\/api.w.org\/{rel}","templated":true}]}}