{"id":24802,"date":"2025-08-01T18:21:11","date_gmt":"2025-08-01T16:21:11","guid":{"rendered":"https:\/\/uj.adatbank.ro\/lexikon\/termek\/weer-pal\/"},"modified":"2025-08-01T18:21:11","modified_gmt":"2025-08-01T16:21:11","slug":"weer-pal","status":"publish","type":"product","link":"https:\/\/uj.adatbank.ro\/lexikon\/termek\/weer-pal\/","title":{"rendered":"WE\u00c9R P\u00e1l"},"content":{"rendered":"<p>? \u2020 Mv., 1809. m\u00e1jus 13.: ? . <br \/><strong>\u2013 Irod.:<\/strong> Marossi Mih\u00e1ly, Tompa L\u00e1szl\u00f3: Halotti besz\u00e9dek W. P. felett (Kv., 1810).<\/br><\/p>\n","protected":false},"excerpt":{"rendered":"<p>? \u2020 Mv., 1809. m\u00e1jus 13.: ? . \u2013 Irod.: Marossi Mih\u00e1ly, Tompa L\u00e1szl\u00f3: Halotti besz\u00e9dek W. P. felett (Kv., 1810).<\/p>\n","protected":false},"featured_media":0,"comment_status":"open","ping_status":"closed","template":"","meta":[],"product_brand":[],"product_cat":[137],"product_tag":[],"class_list":{"0":"post-24802","1":"product","2":"type-product","3":"status-publish","5":"product_cat-maros-megyei-eletrajzi-lexikon","7":"first","8":"instock","9":"shipping-taxable","10":"product-type-simple"},"_links":{"self":[{"href":"https:\/\/uj.adatbank.ro\/lexikon\/wp-json\/wp\/v2\/product\/24802","targetHints":{"allow":["GET"]}}],"collection":[{"href":"https:\/\/uj.adatbank.ro\/lexikon\/wp-json\/wp\/v2\/product"}],"about":[{"href":"https:\/\/uj.adatbank.ro\/lexikon\/wp-json\/wp\/v2\/types\/product"}],"replies":[{"embeddable":true,"href":"https:\/\/uj.adatbank.ro\/lexikon\/wp-json\/wp\/v2\/comments?post=24802"}],"wp:attachment":[{"href":"https:\/\/uj.adatbank.ro\/lexikon\/wp-json\/wp\/v2\/media?parent=24802"}],"wp:term":[{"taxonomy":"product_brand","embeddable":true,"href":"https:\/\/uj.adatbank.ro\/lexikon\/wp-json\/wp\/v2\/product_brand?post=24802"},{"taxonomy":"product_cat","embeddable":true,"href":"https:\/\/uj.adatbank.ro\/lexikon\/wp-json\/wp\/v2\/product_cat?post=24802"},{"taxonomy":"product_tag","embeddable":true,"href":"https:\/\/uj.adatbank.ro\/lexikon\/wp-json\/wp\/v2\/product_tag?post=24802"}],"curies":[{"name":"wp","href":"https:\/\/api.w.org\/{rel}","templated":true}]}}