{"id":24804,"date":"2025-08-01T18:21:16","date_gmt":"2025-08-01T16:21:16","guid":{"rendered":"https:\/\/uj.adatbank.ro\/lexikon\/termek\/wegner-kalman\/"},"modified":"2025-08-01T18:21:16","modified_gmt":"2025-08-01T16:21:16","slug":"wegner-kalman","status":"publish","type":"product","link":"https:\/\/uj.adatbank.ro\/lexikon\/termek\/wegner-kalman\/","title":{"rendered":"W\u00c9GNER K\u00e1lm\u00e1n"},"content":{"rendered":"<p>Mv., 1900 \u2020\u00a0?: mv.-i bankigazgat\u00f3. \u2013 Apja nyomdatulajdonos volt. A mv.-i Fels\u0151kereskedelmi Iskol\u00e1ban \u00e9retts\u00e9gizett (1917), majd bankban dolgozott, ahol fiatal kora dac\u00e1ra gyorsan haladt el\u0151re. P\u00e1lyafut\u00e1s\u00e1t a mv.-i Lesz\u00e1m\u00edtol\u00f3 Bankn\u00e1l kezdte, ahol c\u00e9gjegyz\u0151 (1923\u2013), majd az akkor alakult mv.-i \u00c1ltal\u00e1nos Kereskedelmi Bank rt. igazgat\u00f3ja lett (1929). Sz\u00e1mos t\u00e1rsadalmi, kultur\u00e1lis \u00e9s sportegyes\u00fclet p\u00e1rtol\u00f3 tagja volt. <br \/><strong>\u2013 Irod.:<\/strong> Ki kicsoda?<\/br><\/p>\n","protected":false},"excerpt":{"rendered":"<p>Mv., 1900 \u2020\u00a0?: mv.-i bankigazgat\u00f3. \u2013 Apja nyomdatulajdonos volt. A mv.-i Fels\u0151kereskedelmi Iskol\u00e1ban \u00e9retts\u00e9gizett (1917), majd bankban dolgozott, ahol fiatal kora dac\u00e1ra gyorsan haladt el\u0151re. P\u00e1lyafut\u00e1s\u00e1t a mv.-i Lesz\u00e1m\u00edtol\u00f3 Bankn\u00e1l kezdte, ahol c\u00e9gjegyz\u0151 (1923\u2013), majd az akkor alakult mv.-i \u00c1ltal\u00e1nos Kereskedelmi Bank rt. igazgat\u00f3ja lett (1929). Sz\u00e1mos t\u00e1rsadalmi, kultur\u00e1lis \u00e9s sportegyes\u00fclet p\u00e1rtol\u00f3 tagja volt. \u2013 [&hellip;]<\/p>\n","protected":false},"featured_media":0,"comment_status":"open","ping_status":"closed","template":"","meta":[],"product_brand":[],"product_cat":[137],"product_tag":[],"class_list":{"0":"post-24804","1":"product","2":"type-product","3":"status-publish","5":"product_cat-maros-megyei-eletrajzi-lexikon","7":"first","8":"instock","9":"shipping-taxable","10":"product-type-simple"},"_links":{"self":[{"href":"https:\/\/uj.adatbank.ro\/lexikon\/wp-json\/wp\/v2\/product\/24804","targetHints":{"allow":["GET"]}}],"collection":[{"href":"https:\/\/uj.adatbank.ro\/lexikon\/wp-json\/wp\/v2\/product"}],"about":[{"href":"https:\/\/uj.adatbank.ro\/lexikon\/wp-json\/wp\/v2\/types\/product"}],"replies":[{"embeddable":true,"href":"https:\/\/uj.adatbank.ro\/lexikon\/wp-json\/wp\/v2\/comments?post=24804"}],"wp:attachment":[{"href":"https:\/\/uj.adatbank.ro\/lexikon\/wp-json\/wp\/v2\/media?parent=24804"}],"wp:term":[{"taxonomy":"product_brand","embeddable":true,"href":"https:\/\/uj.adatbank.ro\/lexikon\/wp-json\/wp\/v2\/product_brand?post=24804"},{"taxonomy":"product_cat","embeddable":true,"href":"https:\/\/uj.adatbank.ro\/lexikon\/wp-json\/wp\/v2\/product_cat?post=24804"},{"taxonomy":"product_tag","embeddable":true,"href":"https:\/\/uj.adatbank.ro\/lexikon\/wp-json\/wp\/v2\/product_tag?post=24804"}],"curies":[{"name":"wp","href":"https:\/\/api.w.org\/{rel}","templated":true}]}}