{"id":24805,"date":"2025-08-01T18:21:18","date_gmt":"2025-08-01T16:21:18","guid":{"rendered":"https:\/\/uj.adatbank.ro\/lexikon\/termek\/wegner-vilmos\/"},"modified":"2025-08-01T18:21:18","modified_gmt":"2025-08-01T16:21:18","slug":"wegner-vilmos","status":"publish","type":"product","link":"https:\/\/uj.adatbank.ro\/lexikon\/termek\/wegner-vilmos\/","title":{"rendered":"WEGNER Vilmos"},"content":{"rendered":"<p>? \u2020\u00a0?: a betegseg\u00e9lyz\u0151 aleln\u00f6ke. \u2013 A Ker\u00fcleti Betegseg\u00e9lyz\u0151 \u00e9s Betegbiztos\u00edt\u00f3 P\u00e9nzt\u00e1r aleln\u00f6ke a munkav\u00e1llal\u00f3k oldal\u00e1r\u00f3l (1910). <br \/><strong>\u2013 Irod.:<\/strong> Id\u0151t\u00e1r 2.<\/br><\/p>\n","protected":false},"excerpt":{"rendered":"<p>? \u2020\u00a0?: a betegseg\u00e9lyz\u0151 aleln\u00f6ke. \u2013 A Ker\u00fcleti Betegseg\u00e9lyz\u0151 \u00e9s Betegbiztos\u00edt\u00f3 P\u00e9nzt\u00e1r aleln\u00f6ke a munkav\u00e1llal\u00f3k oldal\u00e1r\u00f3l (1910). \u2013 Irod.: Id\u0151t\u00e1r 2.<\/p>\n","protected":false},"featured_media":0,"comment_status":"open","ping_status":"closed","template":"","meta":[],"product_brand":[],"product_cat":[137],"product_tag":[],"class_list":{"0":"post-24805","1":"product","2":"type-product","3":"status-publish","5":"product_cat-maros-megyei-eletrajzi-lexikon","7":"first","8":"instock","9":"shipping-taxable","10":"product-type-simple"},"_links":{"self":[{"href":"https:\/\/uj.adatbank.ro\/lexikon\/wp-json\/wp\/v2\/product\/24805","targetHints":{"allow":["GET"]}}],"collection":[{"href":"https:\/\/uj.adatbank.ro\/lexikon\/wp-json\/wp\/v2\/product"}],"about":[{"href":"https:\/\/uj.adatbank.ro\/lexikon\/wp-json\/wp\/v2\/types\/product"}],"replies":[{"embeddable":true,"href":"https:\/\/uj.adatbank.ro\/lexikon\/wp-json\/wp\/v2\/comments?post=24805"}],"wp:attachment":[{"href":"https:\/\/uj.adatbank.ro\/lexikon\/wp-json\/wp\/v2\/media?parent=24805"}],"wp:term":[{"taxonomy":"product_brand","embeddable":true,"href":"https:\/\/uj.adatbank.ro\/lexikon\/wp-json\/wp\/v2\/product_brand?post=24805"},{"taxonomy":"product_cat","embeddable":true,"href":"https:\/\/uj.adatbank.ro\/lexikon\/wp-json\/wp\/v2\/product_cat?post=24805"},{"taxonomy":"product_tag","embeddable":true,"href":"https:\/\/uj.adatbank.ro\/lexikon\/wp-json\/wp\/v2\/product_tag?post=24805"}],"curies":[{"name":"wp","href":"https:\/\/api.w.org\/{rel}","templated":true}]}}