{"id":24806,"date":"2025-08-01T18:21:20","date_gmt":"2025-08-01T16:21:20","guid":{"rendered":"https:\/\/uj.adatbank.ro\/lexikon\/termek\/weichherz-izso-%c2%a7\/"},"modified":"2025-08-01T18:21:20","modified_gmt":"2025-08-01T16:21:20","slug":"weichherz-izso-%c2%a7","status":"publish","type":"product","link":"https:\/\/uj.adatbank.ro\/lexikon\/termek\/weichherz-izso-%c2%a7\/","title":{"rendered":"WEICHHERZ Izs\u00f3, \u00a7"},"content":{"rendered":"<p>? \u2020\u00a0?: igazgat\u00f3. \u2013 S\u00f3gorai: Klein \u00c1ron \u00e9s Klein Rudolf h\u0151si hal\u00e1lt haltak. \u2013 R\u00e9genben a Foresta Fakitermel\u0151 T\u00e1rsas\u00e1g igazgat\u00f3ja. Besorozt\u00e1k a mv.-i 22. gy.-e.-be (1914. j\u00fal. 29.). Az oroszo.-i front arcvonal\u00e1ban harcolt, h\u00e1romszor sebes\u00fclt meg. Leszerelt\u00e9k (1918. nov.). Kit\u00fcntet\u00e9sei: Br.Signum Laudis kardokkal, Arany \u00c9rdemker., K\u00e1roly cs. k., n\u00e9met II. o. vaskereszt, dics\u00e9r\u0151 elismer\u00e9s. <br \/><strong>\u2013 Irod.:<\/strong> M. hadviselt zsid\u00f3k; Reghin, militari.<\/br><\/p>\n","protected":false},"excerpt":{"rendered":"<p>? \u2020\u00a0?: igazgat\u00f3. \u2013 S\u00f3gorai: Klein \u00c1ron \u00e9s Klein Rudolf h\u0151si hal\u00e1lt haltak. \u2013 R\u00e9genben a Foresta Fakitermel\u0151 T\u00e1rsas\u00e1g igazgat\u00f3ja. Besorozt\u00e1k a mv.-i 22. gy.-e.-be (1914. j\u00fal. 29.). Az oroszo.-i front arcvonal\u00e1ban harcolt, h\u00e1romszor sebes\u00fclt meg. Leszerelt\u00e9k (1918. nov.). Kit\u00fcntet\u00e9sei: Br.Signum Laudis kardokkal, Arany \u00c9rdemker., K\u00e1roly cs. k., n\u00e9met II. o. vaskereszt, dics\u00e9r\u0151 elismer\u00e9s. \u2013 [&hellip;]<\/p>\n","protected":false},"featured_media":0,"comment_status":"open","ping_status":"closed","template":"","meta":[],"product_brand":[],"product_cat":[137],"product_tag":[],"class_list":{"0":"post-24806","1":"product","2":"type-product","3":"status-publish","5":"product_cat-maros-megyei-eletrajzi-lexikon","7":"first","8":"instock","9":"shipping-taxable","10":"product-type-simple"},"_links":{"self":[{"href":"https:\/\/uj.adatbank.ro\/lexikon\/wp-json\/wp\/v2\/product\/24806","targetHints":{"allow":["GET"]}}],"collection":[{"href":"https:\/\/uj.adatbank.ro\/lexikon\/wp-json\/wp\/v2\/product"}],"about":[{"href":"https:\/\/uj.adatbank.ro\/lexikon\/wp-json\/wp\/v2\/types\/product"}],"replies":[{"embeddable":true,"href":"https:\/\/uj.adatbank.ro\/lexikon\/wp-json\/wp\/v2\/comments?post=24806"}],"wp:attachment":[{"href":"https:\/\/uj.adatbank.ro\/lexikon\/wp-json\/wp\/v2\/media?parent=24806"}],"wp:term":[{"taxonomy":"product_brand","embeddable":true,"href":"https:\/\/uj.adatbank.ro\/lexikon\/wp-json\/wp\/v2\/product_brand?post=24806"},{"taxonomy":"product_cat","embeddable":true,"href":"https:\/\/uj.adatbank.ro\/lexikon\/wp-json\/wp\/v2\/product_cat?post=24806"},{"taxonomy":"product_tag","embeddable":true,"href":"https:\/\/uj.adatbank.ro\/lexikon\/wp-json\/wp\/v2\/product_tag?post=24806"}],"curies":[{"name":"wp","href":"https:\/\/api.w.org\/{rel}","templated":true}]}}