{"id":24809,"date":"2025-08-01T18:21:26","date_gmt":"2025-08-01T16:21:26","guid":{"rendered":"https:\/\/uj.adatbank.ro\/lexikon\/termek\/weil-gyula\/"},"modified":"2025-08-01T18:21:26","modified_gmt":"2025-08-01T16:21:26","slug":"weil-gyula","status":"publish","type":"product","link":"https:\/\/uj.adatbank.ro\/lexikon\/termek\/weil-gyula\/","title":{"rendered":"WEIL Gyula"},"content":{"rendered":"<p>? 1937., \u2020 Magyarr\u00e9gen, 1999. j\u00fal. 15: agr\u00e1rm\u00e9rn\u00f6k. <br \/><strong>\u2013 Irod.:<\/strong> MMK.<\/br><\/p>\n","protected":false},"excerpt":{"rendered":"<p>? 1937., \u2020 Magyarr\u00e9gen, 1999. j\u00fal. 15: agr\u00e1rm\u00e9rn\u00f6k. \u2013 Irod.: MMK.<\/p>\n","protected":false},"featured_media":0,"comment_status":"open","ping_status":"closed","template":"","meta":[],"product_brand":[],"product_cat":[137],"product_tag":[],"class_list":{"0":"post-24809","1":"product","2":"type-product","3":"status-publish","5":"product_cat-maros-megyei-eletrajzi-lexikon","7":"first","8":"instock","9":"shipping-taxable","10":"product-type-simple"},"_links":{"self":[{"href":"https:\/\/uj.adatbank.ro\/lexikon\/wp-json\/wp\/v2\/product\/24809","targetHints":{"allow":["GET"]}}],"collection":[{"href":"https:\/\/uj.adatbank.ro\/lexikon\/wp-json\/wp\/v2\/product"}],"about":[{"href":"https:\/\/uj.adatbank.ro\/lexikon\/wp-json\/wp\/v2\/types\/product"}],"replies":[{"embeddable":true,"href":"https:\/\/uj.adatbank.ro\/lexikon\/wp-json\/wp\/v2\/comments?post=24809"}],"wp:attachment":[{"href":"https:\/\/uj.adatbank.ro\/lexikon\/wp-json\/wp\/v2\/media?parent=24809"}],"wp:term":[{"taxonomy":"product_brand","embeddable":true,"href":"https:\/\/uj.adatbank.ro\/lexikon\/wp-json\/wp\/v2\/product_brand?post=24809"},{"taxonomy":"product_cat","embeddable":true,"href":"https:\/\/uj.adatbank.ro\/lexikon\/wp-json\/wp\/v2\/product_cat?post=24809"},{"taxonomy":"product_tag","embeddable":true,"href":"https:\/\/uj.adatbank.ro\/lexikon\/wp-json\/wp\/v2\/product_tag?post=24809"}],"curies":[{"name":"wp","href":"https:\/\/api.w.org\/{rel}","templated":true}]}}