{"id":24810,"date":"2025-08-01T18:21:28","date_gmt":"2025-08-01T16:21:28","guid":{"rendered":"https:\/\/uj.adatbank.ro\/lexikon\/termek\/weinberger-emil-ignatz\/"},"modified":"2025-08-01T18:21:28","modified_gmt":"2025-08-01T16:21:28","slug":"weinberger-emil-ignatz","status":"publish","type":"product","link":"https:\/\/uj.adatbank.ro\/lexikon\/termek\/weinberger-emil-ignatz\/","title":{"rendered":"WEINBERGER Emil \/ Ign\u00e1tz"},"content":{"rendered":"<p>1876 \u2020 Mv., 1940. okt. 13.: heged\u0171tan\u00e1r. \u2013 A szatm\u00e1ri V. Lucaciu konzervat\u00f3rium, majd a mv.-i Zeneiskola tan\u00e1ra (1907. j\u00fal. 1. \u2013). <br \/><strong>\u2013 Irod.:<\/strong> Predescu; Mv.-i zsid\u00f3 temet\u0151 dok.<\/br><\/p>\n","protected":false},"excerpt":{"rendered":"<p>1876 \u2020 Mv., 1940. okt. 13.: heged\u0171tan\u00e1r. \u2013 A szatm\u00e1ri V. Lucaciu konzervat\u00f3rium, majd a mv.-i Zeneiskola tan\u00e1ra (1907. j\u00fal. 1. \u2013). \u2013 Irod.: Predescu; Mv.-i zsid\u00f3 temet\u0151 dok.<\/p>\n","protected":false},"featured_media":0,"comment_status":"open","ping_status":"closed","template":"","meta":[],"product_brand":[],"product_cat":[137],"product_tag":[],"class_list":{"0":"post-24810","1":"product","2":"type-product","3":"status-publish","5":"product_cat-maros-megyei-eletrajzi-lexikon","7":"first","8":"instock","9":"shipping-taxable","10":"product-type-simple"},"_links":{"self":[{"href":"https:\/\/uj.adatbank.ro\/lexikon\/wp-json\/wp\/v2\/product\/24810","targetHints":{"allow":["GET"]}}],"collection":[{"href":"https:\/\/uj.adatbank.ro\/lexikon\/wp-json\/wp\/v2\/product"}],"about":[{"href":"https:\/\/uj.adatbank.ro\/lexikon\/wp-json\/wp\/v2\/types\/product"}],"replies":[{"embeddable":true,"href":"https:\/\/uj.adatbank.ro\/lexikon\/wp-json\/wp\/v2\/comments?post=24810"}],"wp:attachment":[{"href":"https:\/\/uj.adatbank.ro\/lexikon\/wp-json\/wp\/v2\/media?parent=24810"}],"wp:term":[{"taxonomy":"product_brand","embeddable":true,"href":"https:\/\/uj.adatbank.ro\/lexikon\/wp-json\/wp\/v2\/product_brand?post=24810"},{"taxonomy":"product_cat","embeddable":true,"href":"https:\/\/uj.adatbank.ro\/lexikon\/wp-json\/wp\/v2\/product_cat?post=24810"},{"taxonomy":"product_tag","embeddable":true,"href":"https:\/\/uj.adatbank.ro\/lexikon\/wp-json\/wp\/v2\/product_tag?post=24810"}],"curies":[{"name":"wp","href":"https:\/\/api.w.org\/{rel}","templated":true}]}}