{"id":24811,"date":"2025-08-01T18:21:29","date_gmt":"2025-08-01T16:21:29","guid":{"rendered":"https:\/\/uj.adatbank.ro\/lexikon\/termek\/weingartner-mihaly-kerestely\/"},"modified":"2025-08-01T18:21:29","modified_gmt":"2025-08-01T16:21:29","slug":"weingartner-mihaly-kerestely","status":"publish","type":"product","link":"https:\/\/uj.adatbank.ro\/lexikon\/termek\/weingartner-mihaly-kerestely\/","title":{"rendered":"WEING\u00c4RTNER Mih\u00e1ly Kerest\u00e9ly"},"content":{"rendered":"<p>Segesv\u00e1r, ? \u2020\u00a0?: aranym\u0171ves. \u2013 Tanult B\u00e9csben k\u00e9pz\u0151m\u0171v\u00e9szetet (1751). <br \/><strong>\u2013 Irod.:<\/strong> Szab\u00f3\u2013Sz\u00f6gi.<\/br><\/p>\n","protected":false},"excerpt":{"rendered":"<p>Segesv\u00e1r, ? \u2020\u00a0?: aranym\u0171ves. \u2013 Tanult B\u00e9csben k\u00e9pz\u0151m\u0171v\u00e9szetet (1751). \u2013 Irod.: Szab\u00f3\u2013Sz\u00f6gi.<\/p>\n","protected":false},"featured_media":0,"comment_status":"open","ping_status":"closed","template":"","meta":[],"product_brand":[],"product_cat":[137],"product_tag":[],"class_list":{"0":"post-24811","1":"product","2":"type-product","3":"status-publish","5":"product_cat-maros-megyei-eletrajzi-lexikon","7":"first","8":"instock","9":"shipping-taxable","10":"product-type-simple"},"_links":{"self":[{"href":"https:\/\/uj.adatbank.ro\/lexikon\/wp-json\/wp\/v2\/product\/24811","targetHints":{"allow":["GET"]}}],"collection":[{"href":"https:\/\/uj.adatbank.ro\/lexikon\/wp-json\/wp\/v2\/product"}],"about":[{"href":"https:\/\/uj.adatbank.ro\/lexikon\/wp-json\/wp\/v2\/types\/product"}],"replies":[{"embeddable":true,"href":"https:\/\/uj.adatbank.ro\/lexikon\/wp-json\/wp\/v2\/comments?post=24811"}],"wp:attachment":[{"href":"https:\/\/uj.adatbank.ro\/lexikon\/wp-json\/wp\/v2\/media?parent=24811"}],"wp:term":[{"taxonomy":"product_brand","embeddable":true,"href":"https:\/\/uj.adatbank.ro\/lexikon\/wp-json\/wp\/v2\/product_brand?post=24811"},{"taxonomy":"product_cat","embeddable":true,"href":"https:\/\/uj.adatbank.ro\/lexikon\/wp-json\/wp\/v2\/product_cat?post=24811"},{"taxonomy":"product_tag","embeddable":true,"href":"https:\/\/uj.adatbank.ro\/lexikon\/wp-json\/wp\/v2\/product_tag?post=24811"}],"curies":[{"name":"wp","href":"https:\/\/api.w.org\/{rel}","templated":true}]}}