{"id":24812,"date":"2025-08-01T18:21:31","date_gmt":"2025-08-01T16:21:31","guid":{"rendered":"https:\/\/uj.adatbank.ro\/lexikon\/termek\/weinrich-friedrich-frigyes\/"},"modified":"2025-08-01T18:21:31","modified_gmt":"2025-08-01T16:21:31","slug":"weinrich-friedrich-frigyes","status":"publish","type":"product","link":"https:\/\/uj.adatbank.ro\/lexikon\/termek\/weinrich-friedrich-frigyes\/","title":{"rendered":"WEINRICH, Friedrich; Frigyes"},"content":{"rendered":"<p>?, \u2020\u00a0?: m\u0171b\u00fatorasztalos, gy\u00e1ros. \u2013 Az els\u0151 sz\u00e1szr\u00e9geni b\u00fatorgy\u00e1rnak, amely a nev\u00e9t is viselte, tulajdonosa volt. Sz\u00e1szr\u00e9genben g\u00f6rl\u00e9cgy\u00e1rat, b\u00fatorl\u00e9c \u00e9s furn\u00e9rgy\u00e1rat alap\u00edtott (1897\u201398). Term\u00e9keivel r\u00e9szt vett a Buk.-ben megrendezett els\u0151 ipari ki\u00e1ll\u00edt\u00e1son (1906). <br \/><strong>\u2013 Irod.:<\/strong> B\u00edr\u00f3 Don\u00e1t; K\u00e1d\u00e1r \u2013 P\u00e1l-Antal; Moln\u00e1r; Nan: Camera de comer\u0163.<\/br><\/p>\n","protected":false},"excerpt":{"rendered":"<p>?, \u2020\u00a0?: m\u0171b\u00fatorasztalos, gy\u00e1ros. \u2013 Az els\u0151 sz\u00e1szr\u00e9geni b\u00fatorgy\u00e1rnak, amely a nev\u00e9t is viselte, tulajdonosa volt. Sz\u00e1szr\u00e9genben g\u00f6rl\u00e9cgy\u00e1rat, b\u00fatorl\u00e9c \u00e9s furn\u00e9rgy\u00e1rat alap\u00edtott (1897\u201398). Term\u00e9keivel r\u00e9szt vett a Buk.-ben megrendezett els\u0151 ipari ki\u00e1ll\u00edt\u00e1son (1906). \u2013 Irod.: B\u00edr\u00f3 Don\u00e1t; K\u00e1d\u00e1r \u2013 P\u00e1l-Antal; Moln\u00e1r; Nan: Camera de comer\u0163.<\/p>\n","protected":false},"featured_media":0,"comment_status":"open","ping_status":"closed","template":"","meta":[],"product_brand":[],"product_cat":[137],"product_tag":[],"class_list":{"0":"post-24812","1":"product","2":"type-product","3":"status-publish","5":"product_cat-maros-megyei-eletrajzi-lexikon","7":"first","8":"instock","9":"shipping-taxable","10":"product-type-simple"},"_links":{"self":[{"href":"https:\/\/uj.adatbank.ro\/lexikon\/wp-json\/wp\/v2\/product\/24812","targetHints":{"allow":["GET"]}}],"collection":[{"href":"https:\/\/uj.adatbank.ro\/lexikon\/wp-json\/wp\/v2\/product"}],"about":[{"href":"https:\/\/uj.adatbank.ro\/lexikon\/wp-json\/wp\/v2\/types\/product"}],"replies":[{"embeddable":true,"href":"https:\/\/uj.adatbank.ro\/lexikon\/wp-json\/wp\/v2\/comments?post=24812"}],"wp:attachment":[{"href":"https:\/\/uj.adatbank.ro\/lexikon\/wp-json\/wp\/v2\/media?parent=24812"}],"wp:term":[{"taxonomy":"product_brand","embeddable":true,"href":"https:\/\/uj.adatbank.ro\/lexikon\/wp-json\/wp\/v2\/product_brand?post=24812"},{"taxonomy":"product_cat","embeddable":true,"href":"https:\/\/uj.adatbank.ro\/lexikon\/wp-json\/wp\/v2\/product_cat?post=24812"},{"taxonomy":"product_tag","embeddable":true,"href":"https:\/\/uj.adatbank.ro\/lexikon\/wp-json\/wp\/v2\/product_tag?post=24812"}],"curies":[{"name":"wp","href":"https:\/\/api.w.org\/{rel}","templated":true}]}}