{"id":24813,"date":"2025-08-01T18:21:33","date_gmt":"2025-08-01T16:21:33","guid":{"rendered":"https:\/\/uj.adatbank.ro\/lexikon\/termek\/weinrich-friedrich-friederich\/"},"modified":"2025-08-01T18:21:33","modified_gmt":"2025-08-01T16:21:33","slug":"weinrich-friedrich-friederich","status":"publish","type":"product","link":"https:\/\/uj.adatbank.ro\/lexikon\/termek\/weinrich-friedrich-friederich\/","title":{"rendered":"WEINRICH, Friedrich; Friederich"},"content":{"rendered":"<p>Sz\u00e1szr\u00e9gen, 1909. j\u00fan. 16., \u2020\u00a0?: d\u00edszlettervez\u0151. \u2013 Jogot \u00e9s Nagyszebenben fest\u0151iskol\u00e1t v\u00e9gzett. <br \/><strong>\u2013 Irod.:<\/strong> Moln\u00e1r.<\/br><\/p>\n","protected":false},"excerpt":{"rendered":"<p>Sz\u00e1szr\u00e9gen, 1909. j\u00fan. 16., \u2020\u00a0?: d\u00edszlettervez\u0151. \u2013 Jogot \u00e9s Nagyszebenben fest\u0151iskol\u00e1t v\u00e9gzett. \u2013 Irod.: Moln\u00e1r.<\/p>\n","protected":false},"featured_media":0,"comment_status":"open","ping_status":"closed","template":"","meta":[],"product_brand":[],"product_cat":[137],"product_tag":[],"class_list":{"0":"post-24813","1":"product","2":"type-product","3":"status-publish","5":"product_cat-maros-megyei-eletrajzi-lexikon","7":"first","8":"instock","9":"shipping-taxable","10":"product-type-simple"},"_links":{"self":[{"href":"https:\/\/uj.adatbank.ro\/lexikon\/wp-json\/wp\/v2\/product\/24813","targetHints":{"allow":["GET"]}}],"collection":[{"href":"https:\/\/uj.adatbank.ro\/lexikon\/wp-json\/wp\/v2\/product"}],"about":[{"href":"https:\/\/uj.adatbank.ro\/lexikon\/wp-json\/wp\/v2\/types\/product"}],"replies":[{"embeddable":true,"href":"https:\/\/uj.adatbank.ro\/lexikon\/wp-json\/wp\/v2\/comments?post=24813"}],"wp:attachment":[{"href":"https:\/\/uj.adatbank.ro\/lexikon\/wp-json\/wp\/v2\/media?parent=24813"}],"wp:term":[{"taxonomy":"product_brand","embeddable":true,"href":"https:\/\/uj.adatbank.ro\/lexikon\/wp-json\/wp\/v2\/product_brand?post=24813"},{"taxonomy":"product_cat","embeddable":true,"href":"https:\/\/uj.adatbank.ro\/lexikon\/wp-json\/wp\/v2\/product_cat?post=24813"},{"taxonomy":"product_tag","embeddable":true,"href":"https:\/\/uj.adatbank.ro\/lexikon\/wp-json\/wp\/v2\/product_tag?post=24813"}],"curies":[{"name":"wp","href":"https:\/\/api.w.org\/{rel}","templated":true}]}}