{"id":24814,"date":"2025-08-01T18:21:37","date_gmt":"2025-08-01T16:21:37","guid":{"rendered":"https:\/\/uj.adatbank.ro\/lexikon\/termek\/weinrich-johann-georg\/"},"modified":"2025-08-01T18:21:37","modified_gmt":"2025-08-01T16:21:37","slug":"weinrich-johann-georg","status":"publish","type":"product","link":"https:\/\/uj.adatbank.ro\/lexikon\/termek\/weinrich-johann-georg\/","title":{"rendered":"WEINRICH, Johann Georg"},"content":{"rendered":"<p>Segesv\u00e1r, 1787., \u2020 B\u00e9cs, 1847.: egyetemi tan\u00e1r, orientalista. \u2013 Gimn\u00e1ziumot Segesv\u00e1ron v\u00e9gzett. A szebeni sz\u00e1sz gimn\u00e1zium egyik legh\u00edresebb rektora lett. K\u00e9s\u0151bb B\u00e9csben egyetemi tan\u00e1r. A Francia Akad\u00e9mia kit\u00fcntette az Abhandlung \u00fcber die Verwandschaft und Verschiedenheit des Hebraischen und Arabischen c. munk\u00e1j\u00e1t (1834). A g\u00f6ttingai Tudom\u00e1nyos T\u00e1rsas\u00e1g a Morgenlandische Literatur c. m\u0171v\u00e9t t\u00fcntette ki (1833). <br \/><strong>\u2013 Irod.:<\/strong> Sighi\u015foara.<\/br><\/p>\n","protected":false},"excerpt":{"rendered":"<p>Segesv\u00e1r, 1787., \u2020 B\u00e9cs, 1847.: egyetemi tan\u00e1r, orientalista. \u2013 Gimn\u00e1ziumot Segesv\u00e1ron v\u00e9gzett. A szebeni sz\u00e1sz gimn\u00e1zium egyik legh\u00edresebb rektora lett. K\u00e9s\u0151bb B\u00e9csben egyetemi tan\u00e1r. A Francia Akad\u00e9mia kit\u00fcntette az Abhandlung \u00fcber die Verwandschaft und Verschiedenheit des Hebraischen und Arabischen c. munk\u00e1j\u00e1t (1834). A g\u00f6ttingai Tudom\u00e1nyos T\u00e1rsas\u00e1g a Morgenlandische Literatur c. m\u0171v\u00e9t t\u00fcntette ki (1833). \u2013 [&hellip;]<\/p>\n","protected":false},"featured_media":0,"comment_status":"open","ping_status":"closed","template":"","meta":[],"product_brand":[],"product_cat":[137],"product_tag":[],"class_list":{"0":"post-24814","1":"product","2":"type-product","3":"status-publish","5":"product_cat-maros-megyei-eletrajzi-lexikon","7":"first","8":"instock","9":"shipping-taxable","10":"product-type-simple"},"_links":{"self":[{"href":"https:\/\/uj.adatbank.ro\/lexikon\/wp-json\/wp\/v2\/product\/24814","targetHints":{"allow":["GET"]}}],"collection":[{"href":"https:\/\/uj.adatbank.ro\/lexikon\/wp-json\/wp\/v2\/product"}],"about":[{"href":"https:\/\/uj.adatbank.ro\/lexikon\/wp-json\/wp\/v2\/types\/product"}],"replies":[{"embeddable":true,"href":"https:\/\/uj.adatbank.ro\/lexikon\/wp-json\/wp\/v2\/comments?post=24814"}],"wp:attachment":[{"href":"https:\/\/uj.adatbank.ro\/lexikon\/wp-json\/wp\/v2\/media?parent=24814"}],"wp:term":[{"taxonomy":"product_brand","embeddable":true,"href":"https:\/\/uj.adatbank.ro\/lexikon\/wp-json\/wp\/v2\/product_brand?post=24814"},{"taxonomy":"product_cat","embeddable":true,"href":"https:\/\/uj.adatbank.ro\/lexikon\/wp-json\/wp\/v2\/product_cat?post=24814"},{"taxonomy":"product_tag","embeddable":true,"href":"https:\/\/uj.adatbank.ro\/lexikon\/wp-json\/wp\/v2\/product_tag?post=24814"}],"curies":[{"name":"wp","href":"https:\/\/api.w.org\/{rel}","templated":true}]}}