{"id":24817,"date":"2025-08-01T18:21:46","date_gmt":"2025-08-01T16:21:46","guid":{"rendered":"https:\/\/uj.adatbank.ro\/lexikon\/termek\/weinstein-ibolya\/"},"modified":"2025-08-01T18:21:46","modified_gmt":"2025-08-01T16:21:46","slug":"weinstein-ibolya","status":"publish","type":"product","link":"https:\/\/uj.adatbank.ro\/lexikon\/termek\/weinstein-ibolya\/","title":{"rendered":"WEINSTEIN Ibolya"},"content":{"rendered":"<p>?, \u2020\u00a0?: orvos. \u2013 T\u00fcd\u0151gy\u00f3gy\u00e1sz orvos \u2013Izraelben. <br \/><strong>\u2013 Irod.:<\/strong> Kiss Cs. M 3.<\/br><\/p>\n","protected":false},"excerpt":{"rendered":"<p>?, \u2020\u00a0?: orvos. \u2013 T\u00fcd\u0151gy\u00f3gy\u00e1sz orvos \u2013Izraelben. \u2013 Irod.: Kiss Cs. M 3.<\/p>\n","protected":false},"featured_media":0,"comment_status":"open","ping_status":"closed","template":"","meta":[],"product_brand":[],"product_cat":[137],"product_tag":[],"class_list":{"0":"post-24817","1":"product","2":"type-product","3":"status-publish","5":"product_cat-maros-megyei-eletrajzi-lexikon","7":"first","8":"instock","9":"shipping-taxable","10":"product-type-simple"},"_links":{"self":[{"href":"https:\/\/uj.adatbank.ro\/lexikon\/wp-json\/wp\/v2\/product\/24817","targetHints":{"allow":["GET"]}}],"collection":[{"href":"https:\/\/uj.adatbank.ro\/lexikon\/wp-json\/wp\/v2\/product"}],"about":[{"href":"https:\/\/uj.adatbank.ro\/lexikon\/wp-json\/wp\/v2\/types\/product"}],"replies":[{"embeddable":true,"href":"https:\/\/uj.adatbank.ro\/lexikon\/wp-json\/wp\/v2\/comments?post=24817"}],"wp:attachment":[{"href":"https:\/\/uj.adatbank.ro\/lexikon\/wp-json\/wp\/v2\/media?parent=24817"}],"wp:term":[{"taxonomy":"product_brand","embeddable":true,"href":"https:\/\/uj.adatbank.ro\/lexikon\/wp-json\/wp\/v2\/product_brand?post=24817"},{"taxonomy":"product_cat","embeddable":true,"href":"https:\/\/uj.adatbank.ro\/lexikon\/wp-json\/wp\/v2\/product_cat?post=24817"},{"taxonomy":"product_tag","embeddable":true,"href":"https:\/\/uj.adatbank.ro\/lexikon\/wp-json\/wp\/v2\/product_tag?post=24817"}],"curies":[{"name":"wp","href":"https:\/\/api.w.org\/{rel}","templated":true}]}}