{"id":24822,"date":"2025-08-01T18:22:00","date_gmt":"2025-08-01T16:22:00","guid":{"rendered":"https:\/\/uj.adatbank.ro\/lexikon\/termek\/weiss-es-eckwert\/"},"modified":"2025-08-01T18:22:00","modified_gmt":"2025-08-01T16:22:00","slug":"weiss-es-eckwert","status":"publish","type":"product","link":"https:\/\/uj.adatbank.ro\/lexikon\/termek\/weiss-es-eckwert\/","title":{"rendered":"WEISS \u00e9s ECKWERT"},"content":{"rendered":"<p>Mv.-i c\u00e9g. <br \/><strong>\u2013 Irod.:<\/strong> Mo k\u00f6zgazdas\u00e1gi \u00e9s k\u00f6zm\u0171vel\u0151d\u00e9si \u00e1llapota ezer\u00e9ves fenn\u00e1ll\u00e1sakor \u00e9s az 1896. ezred\u00e9ves ki\u00e1ll\u00edt\u00e1s eredm\u00e9nye (Bp., 1897\u201398).<\/br><\/p>\n","protected":false},"excerpt":{"rendered":"<p>Mv.-i c\u00e9g. \u2013 Irod.: Mo k\u00f6zgazdas\u00e1gi \u00e9s k\u00f6zm\u0171vel\u0151d\u00e9si \u00e1llapota ezer\u00e9ves fenn\u00e1ll\u00e1sakor \u00e9s az 1896. ezred\u00e9ves ki\u00e1ll\u00edt\u00e1s eredm\u00e9nye (Bp., 1897\u201398).<\/p>\n","protected":false},"featured_media":0,"comment_status":"open","ping_status":"closed","template":"","meta":[],"product_brand":[],"product_cat":[137],"product_tag":[],"class_list":{"0":"post-24822","1":"product","2":"type-product","3":"status-publish","5":"product_cat-maros-megyei-eletrajzi-lexikon","7":"first","8":"instock","9":"shipping-taxable","10":"product-type-simple"},"_links":{"self":[{"href":"https:\/\/uj.adatbank.ro\/lexikon\/wp-json\/wp\/v2\/product\/24822","targetHints":{"allow":["GET"]}}],"collection":[{"href":"https:\/\/uj.adatbank.ro\/lexikon\/wp-json\/wp\/v2\/product"}],"about":[{"href":"https:\/\/uj.adatbank.ro\/lexikon\/wp-json\/wp\/v2\/types\/product"}],"replies":[{"embeddable":true,"href":"https:\/\/uj.adatbank.ro\/lexikon\/wp-json\/wp\/v2\/comments?post=24822"}],"wp:attachment":[{"href":"https:\/\/uj.adatbank.ro\/lexikon\/wp-json\/wp\/v2\/media?parent=24822"}],"wp:term":[{"taxonomy":"product_brand","embeddable":true,"href":"https:\/\/uj.adatbank.ro\/lexikon\/wp-json\/wp\/v2\/product_brand?post=24822"},{"taxonomy":"product_cat","embeddable":true,"href":"https:\/\/uj.adatbank.ro\/lexikon\/wp-json\/wp\/v2\/product_cat?post=24822"},{"taxonomy":"product_tag","embeddable":true,"href":"https:\/\/uj.adatbank.ro\/lexikon\/wp-json\/wp\/v2\/product_tag?post=24822"}],"curies":[{"name":"wp","href":"https:\/\/api.w.org\/{rel}","templated":true}]}}