{"id":24828,"date":"2025-08-01T18:22:12","date_gmt":"2025-08-01T16:22:12","guid":{"rendered":"https:\/\/uj.adatbank.ro\/lexikon\/termek\/weisz-aladar-%c2%a7\/"},"modified":"2025-08-01T18:22:12","modified_gmt":"2025-08-01T16:22:12","slug":"weisz-aladar-%c2%a7","status":"publish","type":"product","link":"https:\/\/uj.adatbank.ro\/lexikon\/termek\/weisz-aladar-%c2%a7\/","title":{"rendered":"WEISZ Alad\u00e1r, \u00a7"},"content":{"rendered":"<p>? \u2020\u00a0?: keresked\u0151. \u2013 Mv.-en volt keresked\u0151. Az I. vh.-ban (1914. aug. \u2013 1918. nov.) a 62. gy. e.-ben az orosz \u00e9s olasz fronton, mint \u0151rvezet\u0151 teljes\u00edtett szolg\u00e1latot, megsebes\u00fclt. Kit\u00fcntet\u00e9sei: K\u00e1roly cs. k. ig. a., O 2, Ob ig. a. <br \/><strong>\u2013 Irod.:<\/strong> M. hadviselt zsid\u00f3k.<\/br><\/p>\n","protected":false},"excerpt":{"rendered":"<p>? \u2020\u00a0?: keresked\u0151. \u2013 Mv.-en volt keresked\u0151. Az I. vh.-ban (1914. aug. \u2013 1918. nov.) a 62. gy. e.-ben az orosz \u00e9s olasz fronton, mint \u0151rvezet\u0151 teljes\u00edtett szolg\u00e1latot, megsebes\u00fclt. Kit\u00fcntet\u00e9sei: K\u00e1roly cs. k. ig. a., O 2, Ob ig. a. \u2013 Irod.: M. hadviselt zsid\u00f3k.<\/p>\n","protected":false},"featured_media":0,"comment_status":"open","ping_status":"closed","template":"","meta":[],"product_brand":[],"product_cat":[137],"product_tag":[],"class_list":{"0":"post-24828","1":"product","2":"type-product","3":"status-publish","5":"product_cat-maros-megyei-eletrajzi-lexikon","7":"first","8":"instock","9":"shipping-taxable","10":"product-type-simple"},"_links":{"self":[{"href":"https:\/\/uj.adatbank.ro\/lexikon\/wp-json\/wp\/v2\/product\/24828","targetHints":{"allow":["GET"]}}],"collection":[{"href":"https:\/\/uj.adatbank.ro\/lexikon\/wp-json\/wp\/v2\/product"}],"about":[{"href":"https:\/\/uj.adatbank.ro\/lexikon\/wp-json\/wp\/v2\/types\/product"}],"replies":[{"embeddable":true,"href":"https:\/\/uj.adatbank.ro\/lexikon\/wp-json\/wp\/v2\/comments?post=24828"}],"wp:attachment":[{"href":"https:\/\/uj.adatbank.ro\/lexikon\/wp-json\/wp\/v2\/media?parent=24828"}],"wp:term":[{"taxonomy":"product_brand","embeddable":true,"href":"https:\/\/uj.adatbank.ro\/lexikon\/wp-json\/wp\/v2\/product_brand?post=24828"},{"taxonomy":"product_cat","embeddable":true,"href":"https:\/\/uj.adatbank.ro\/lexikon\/wp-json\/wp\/v2\/product_cat?post=24828"},{"taxonomy":"product_tag","embeddable":true,"href":"https:\/\/uj.adatbank.ro\/lexikon\/wp-json\/wp\/v2\/product_tag?post=24828"}],"curies":[{"name":"wp","href":"https:\/\/api.w.org\/{rel}","templated":true}]}}