{"id":24829,"date":"2025-08-01T18:22:14","date_gmt":"2025-08-01T16:22:14","guid":{"rendered":"https:\/\/uj.adatbank.ro\/lexikon\/termek\/weisz-elias-%c2%a7\/"},"modified":"2025-08-01T18:22:14","modified_gmt":"2025-08-01T16:22:14","slug":"weisz-elias-%c2%a7","status":"publish","type":"product","link":"https:\/\/uj.adatbank.ro\/lexikon\/termek\/weisz-elias-%c2%a7\/","title":{"rendered":"WEISZ Elias, \u00a7"},"content":{"rendered":"<p>R\u00e1k\u00f3czisz\u00e1ll\u00e1s, 1882., \u2020\u00a0?: tan\u00edt\u00f3. \u2013 Mv.-en mag\u00e1n t\u00f3ranikus pedag\u00f3gus \u00e9s kabalista. Mv.-r\u0151l a feles\u00e9g\u00e9vel egy\u00fctt deport\u00e1lt\u00e1k (1944. m\u00e1j. 29.). <br \/><strong>\u2013 Irod.:<\/strong> Mv. zsid\u00f3s\u00e1ga.<\/br><\/p>\n","protected":false},"excerpt":{"rendered":"<p>R\u00e1k\u00f3czisz\u00e1ll\u00e1s, 1882., \u2020\u00a0?: tan\u00edt\u00f3. \u2013 Mv.-en mag\u00e1n t\u00f3ranikus pedag\u00f3gus \u00e9s kabalista. Mv.-r\u0151l a feles\u00e9g\u00e9vel egy\u00fctt deport\u00e1lt\u00e1k (1944. m\u00e1j. 29.). \u2013 Irod.: Mv. zsid\u00f3s\u00e1ga.<\/p>\n","protected":false},"featured_media":0,"comment_status":"open","ping_status":"closed","template":"","meta":[],"product_brand":[],"product_cat":[137],"product_tag":[],"class_list":{"0":"post-24829","1":"product","2":"type-product","3":"status-publish","5":"product_cat-maros-megyei-eletrajzi-lexikon","7":"first","8":"instock","9":"shipping-taxable","10":"product-type-simple"},"_links":{"self":[{"href":"https:\/\/uj.adatbank.ro\/lexikon\/wp-json\/wp\/v2\/product\/24829","targetHints":{"allow":["GET"]}}],"collection":[{"href":"https:\/\/uj.adatbank.ro\/lexikon\/wp-json\/wp\/v2\/product"}],"about":[{"href":"https:\/\/uj.adatbank.ro\/lexikon\/wp-json\/wp\/v2\/types\/product"}],"replies":[{"embeddable":true,"href":"https:\/\/uj.adatbank.ro\/lexikon\/wp-json\/wp\/v2\/comments?post=24829"}],"wp:attachment":[{"href":"https:\/\/uj.adatbank.ro\/lexikon\/wp-json\/wp\/v2\/media?parent=24829"}],"wp:term":[{"taxonomy":"product_brand","embeddable":true,"href":"https:\/\/uj.adatbank.ro\/lexikon\/wp-json\/wp\/v2\/product_brand?post=24829"},{"taxonomy":"product_cat","embeddable":true,"href":"https:\/\/uj.adatbank.ro\/lexikon\/wp-json\/wp\/v2\/product_cat?post=24829"},{"taxonomy":"product_tag","embeddable":true,"href":"https:\/\/uj.adatbank.ro\/lexikon\/wp-json\/wp\/v2\/product_tag?post=24829"}],"curies":[{"name":"wp","href":"https:\/\/api.w.org\/{rel}","templated":true}]}}