{"id":24830,"date":"2025-08-01T18:22:17","date_gmt":"2025-08-01T16:22:17","guid":{"rendered":"https:\/\/uj.adatbank.ro\/lexikon\/termek\/weisz-elias-elek-%c2%a7\/"},"modified":"2025-08-01T18:22:17","modified_gmt":"2025-08-01T16:22:17","slug":"weisz-elias-elek-%c2%a7","status":"publish","type":"product","link":"https:\/\/uj.adatbank.ro\/lexikon\/termek\/weisz-elias-elek-%c2%a7\/","title":{"rendered":"WEISZ Elias Elek, \u00a7"},"content":{"rendered":"<p>? \u2020\u00a0?: keresked\u0151. \u2013 Mv.-en volt textilkeresked\u0151. Az I. vh.-ban (1914. aug. \u2013 1918. jan.) a 62. gy. e.-ben az orosz fronton, mint I. o. sz\u00e1mviv\u0151 \u0151rmester teljes\u00edtett arcvonalszolg\u00e1latot, megsebes\u00fclt, hadirokkant. Kit\u00fcntet\u00e9sei: Kor. ez\u00fcst \u00e9rdemker. a v. \u00e9. sz., bronz v\u00f6r. ker. <br \/><strong>\u2013 Irod.:<\/strong> M. hadviselt zsid\u00f3k.<\/br><\/p>\n","protected":false},"excerpt":{"rendered":"<p>? \u2020\u00a0?: keresked\u0151. \u2013 Mv.-en volt textilkeresked\u0151. Az I. vh.-ban (1914. aug. \u2013 1918. jan.) a 62. gy. e.-ben az orosz fronton, mint I. o. sz\u00e1mviv\u0151 \u0151rmester teljes\u00edtett arcvonalszolg\u00e1latot, megsebes\u00fclt, hadirokkant. Kit\u00fcntet\u00e9sei: Kor. ez\u00fcst \u00e9rdemker. a v. \u00e9. sz., bronz v\u00f6r. ker. \u2013 Irod.: M. hadviselt zsid\u00f3k.<\/p>\n","protected":false},"featured_media":0,"comment_status":"open","ping_status":"closed","template":"","meta":[],"product_brand":[],"product_cat":[137],"product_tag":[],"class_list":{"0":"post-24830","1":"product","2":"type-product","3":"status-publish","5":"product_cat-maros-megyei-eletrajzi-lexikon","7":"first","8":"instock","9":"shipping-taxable","10":"product-type-simple"},"_links":{"self":[{"href":"https:\/\/uj.adatbank.ro\/lexikon\/wp-json\/wp\/v2\/product\/24830","targetHints":{"allow":["GET"]}}],"collection":[{"href":"https:\/\/uj.adatbank.ro\/lexikon\/wp-json\/wp\/v2\/product"}],"about":[{"href":"https:\/\/uj.adatbank.ro\/lexikon\/wp-json\/wp\/v2\/types\/product"}],"replies":[{"embeddable":true,"href":"https:\/\/uj.adatbank.ro\/lexikon\/wp-json\/wp\/v2\/comments?post=24830"}],"wp:attachment":[{"href":"https:\/\/uj.adatbank.ro\/lexikon\/wp-json\/wp\/v2\/media?parent=24830"}],"wp:term":[{"taxonomy":"product_brand","embeddable":true,"href":"https:\/\/uj.adatbank.ro\/lexikon\/wp-json\/wp\/v2\/product_brand?post=24830"},{"taxonomy":"product_cat","embeddable":true,"href":"https:\/\/uj.adatbank.ro\/lexikon\/wp-json\/wp\/v2\/product_cat?post=24830"},{"taxonomy":"product_tag","embeddable":true,"href":"https:\/\/uj.adatbank.ro\/lexikon\/wp-json\/wp\/v2\/product_tag?post=24830"}],"curies":[{"name":"wp","href":"https:\/\/api.w.org\/{rel}","templated":true}]}}