{"id":24831,"date":"2025-08-01T18:22:20","date_gmt":"2025-08-01T16:22:20","guid":{"rendered":"https:\/\/uj.adatbank.ro\/lexikon\/termek\/weisz-erno\/"},"modified":"2025-08-01T18:22:20","modified_gmt":"2025-08-01T16:22:20","slug":"weisz-erno","status":"publish","type":"product","link":"https:\/\/uj.adatbank.ro\/lexikon\/termek\/weisz-erno\/","title":{"rendered":"WEISZ Ern\u0151"},"content":{"rendered":"<p>Mv., 1915., \u2020\u00a0?: b\u0151r\u00f6nd\u00f6s \u00e9s b\u0151rd\u00edszm\u0171ves. \u2013 Iskol\u00e1it Mv.-en v\u00e9gezte, ahol \u00e9retts\u00e9gizett, majd \u00e9desapja mellett a b\u0151rd\u00edszm\u0171vess\u00e9get saj\u00e1t\u00edtotta el, \u00e9s apja hal\u00e1la ut\u00e1n \u00e1tvette az \u00fczlet vezet\u00e9s\u00e9t. Az Ipart\u00e1rsulat \u00e9s a Mv.-i Sportegyes\u00fclet tagja volt. <br \/><strong>\u2013 Irod.:<\/strong> Sz\u00e9kelyf\u00f6ld \u00ed. k.<\/br><\/p>\n","protected":false},"excerpt":{"rendered":"<p>Mv., 1915., \u2020\u00a0?: b\u0151r\u00f6nd\u00f6s \u00e9s b\u0151rd\u00edszm\u0171ves. \u2013 Iskol\u00e1it Mv.-en v\u00e9gezte, ahol \u00e9retts\u00e9gizett, majd \u00e9desapja mellett a b\u0151rd\u00edszm\u0171vess\u00e9get saj\u00e1t\u00edtotta el, \u00e9s apja hal\u00e1la ut\u00e1n \u00e1tvette az \u00fczlet vezet\u00e9s\u00e9t. Az Ipart\u00e1rsulat \u00e9s a Mv.-i Sportegyes\u00fclet tagja volt. \u2013 Irod.: Sz\u00e9kelyf\u00f6ld \u00ed. k.<\/p>\n","protected":false},"featured_media":0,"comment_status":"open","ping_status":"closed","template":"","meta":[],"product_brand":[],"product_cat":[137],"product_tag":[],"class_list":{"0":"post-24831","1":"product","2":"type-product","3":"status-publish","5":"product_cat-maros-megyei-eletrajzi-lexikon","7":"first","8":"instock","9":"shipping-taxable","10":"product-type-simple"},"_links":{"self":[{"href":"https:\/\/uj.adatbank.ro\/lexikon\/wp-json\/wp\/v2\/product\/24831","targetHints":{"allow":["GET"]}}],"collection":[{"href":"https:\/\/uj.adatbank.ro\/lexikon\/wp-json\/wp\/v2\/product"}],"about":[{"href":"https:\/\/uj.adatbank.ro\/lexikon\/wp-json\/wp\/v2\/types\/product"}],"replies":[{"embeddable":true,"href":"https:\/\/uj.adatbank.ro\/lexikon\/wp-json\/wp\/v2\/comments?post=24831"}],"wp:attachment":[{"href":"https:\/\/uj.adatbank.ro\/lexikon\/wp-json\/wp\/v2\/media?parent=24831"}],"wp:term":[{"taxonomy":"product_brand","embeddable":true,"href":"https:\/\/uj.adatbank.ro\/lexikon\/wp-json\/wp\/v2\/product_brand?post=24831"},{"taxonomy":"product_cat","embeddable":true,"href":"https:\/\/uj.adatbank.ro\/lexikon\/wp-json\/wp\/v2\/product_cat?post=24831"},{"taxonomy":"product_tag","embeddable":true,"href":"https:\/\/uj.adatbank.ro\/lexikon\/wp-json\/wp\/v2\/product_tag?post=24831"}],"curies":[{"name":"wp","href":"https:\/\/api.w.org\/{rel}","templated":true}]}}