{"id":24833,"date":"2025-08-01T18:22:23","date_gmt":"2025-08-01T16:22:23","guid":{"rendered":"https:\/\/uj.adatbank.ro\/lexikon\/termek\/weisz-frigyes\/"},"modified":"2025-08-01T18:22:23","modified_gmt":"2025-08-01T16:22:23","slug":"weisz-frigyes","status":"publish","type":"product","link":"https:\/\/uj.adatbank.ro\/lexikon\/termek\/weisz-frigyes\/","title":{"rendered":"WEISZ Frigyes"},"content":{"rendered":"<p>? \u2020\u00a0?: segesv\u00e1ri iparos. <br \/><strong>\u2013 Irod.:<\/strong> Az 1885 \u00e9vi Budapesti Orsz\u00e1gos \u00c1ltal\u00e1nos ki\u00e1ll\u00edt\u00e1s (Bp., 1885); R\u00e9thy Dezs\u0151: Mo. a Balk\u00e1n piacain (Bp., 1889).<\/br><\/p>\n","protected":false},"excerpt":{"rendered":"<p>? \u2020\u00a0?: segesv\u00e1ri iparos. \u2013 Irod.: Az 1885 \u00e9vi Budapesti Orsz\u00e1gos \u00c1ltal\u00e1nos ki\u00e1ll\u00edt\u00e1s (Bp., 1885); R\u00e9thy Dezs\u0151: Mo. a Balk\u00e1n piacain (Bp., 1889).<\/p>\n","protected":false},"featured_media":0,"comment_status":"open","ping_status":"closed","template":"","meta":[],"product_brand":[],"product_cat":[137],"product_tag":[],"class_list":{"0":"post-24833","1":"product","2":"type-product","3":"status-publish","5":"product_cat-maros-megyei-eletrajzi-lexikon","7":"first","8":"instock","9":"shipping-taxable","10":"product-type-simple"},"_links":{"self":[{"href":"https:\/\/uj.adatbank.ro\/lexikon\/wp-json\/wp\/v2\/product\/24833","targetHints":{"allow":["GET"]}}],"collection":[{"href":"https:\/\/uj.adatbank.ro\/lexikon\/wp-json\/wp\/v2\/product"}],"about":[{"href":"https:\/\/uj.adatbank.ro\/lexikon\/wp-json\/wp\/v2\/types\/product"}],"replies":[{"embeddable":true,"href":"https:\/\/uj.adatbank.ro\/lexikon\/wp-json\/wp\/v2\/comments?post=24833"}],"wp:attachment":[{"href":"https:\/\/uj.adatbank.ro\/lexikon\/wp-json\/wp\/v2\/media?parent=24833"}],"wp:term":[{"taxonomy":"product_brand","embeddable":true,"href":"https:\/\/uj.adatbank.ro\/lexikon\/wp-json\/wp\/v2\/product_brand?post=24833"},{"taxonomy":"product_cat","embeddable":true,"href":"https:\/\/uj.adatbank.ro\/lexikon\/wp-json\/wp\/v2\/product_cat?post=24833"},{"taxonomy":"product_tag","embeddable":true,"href":"https:\/\/uj.adatbank.ro\/lexikon\/wp-json\/wp\/v2\/product_tag?post=24833"}],"curies":[{"name":"wp","href":"https:\/\/api.w.org\/{rel}","templated":true}]}}