{"id":24837,"date":"2025-08-01T18:22:31","date_gmt":"2025-08-01T16:22:31","guid":{"rendered":"https:\/\/uj.adatbank.ro\/lexikon\/termek\/weisz-mihaly\/"},"modified":"2025-08-01T18:22:31","modified_gmt":"2025-08-01T16:22:31","slug":"weisz-mihaly","status":"publish","type":"product","link":"https:\/\/uj.adatbank.ro\/lexikon\/termek\/weisz-mihaly\/","title":{"rendered":"WEISZ Mih\u00e1ly"},"content":{"rendered":"<p>Lib\u00e1nfalva, 1878., \u2020\u00a0? 1939.: keresked\u0151. \u2013 Iskol\u00e1it sz\u00fcl\u0151faluj\u00e1ban \u00e9s Sz\u00e1szr\u00e9genben v\u00e9gezte \u00e9s keresked\u0151i p\u00e1ly\u00e1ra l\u00e9pett, sz\u00fcl\u0151faluj\u00e1ban nyitott \u00fczletet. R\u00e9szt vett az I. vh.-ban, a 62. gy.-e.-ben \u0151rmesteri rangot \u00e9rt el. A harct\u00e9ren szerzett betegs\u00e9g\u00e9ben halt meg. <br \/><strong>\u2013 Irod.:<\/strong> M. hadviselt zsid\u00f3k; Reghin, militari; Sz\u00e9kelyf\u00f6ld \u00ed. k.<\/br><\/p>\n","protected":false},"excerpt":{"rendered":"<p>Lib\u00e1nfalva, 1878., \u2020\u00a0? 1939.: keresked\u0151. \u2013 Iskol\u00e1it sz\u00fcl\u0151faluj\u00e1ban \u00e9s Sz\u00e1szr\u00e9genben v\u00e9gezte \u00e9s keresked\u0151i p\u00e1ly\u00e1ra l\u00e9pett, sz\u00fcl\u0151faluj\u00e1ban nyitott \u00fczletet. R\u00e9szt vett az I. vh.-ban, a 62. gy.-e.-ben \u0151rmesteri rangot \u00e9rt el. A harct\u00e9ren szerzett betegs\u00e9g\u00e9ben halt meg. \u2013 Irod.: M. hadviselt zsid\u00f3k; Reghin, militari; Sz\u00e9kelyf\u00f6ld \u00ed. k.<\/p>\n","protected":false},"featured_media":0,"comment_status":"open","ping_status":"closed","template":"","meta":[],"product_brand":[],"product_cat":[137],"product_tag":[],"class_list":{"0":"post-24837","1":"product","2":"type-product","3":"status-publish","5":"product_cat-maros-megyei-eletrajzi-lexikon","7":"first","8":"instock","9":"shipping-taxable","10":"product-type-simple"},"_links":{"self":[{"href":"https:\/\/uj.adatbank.ro\/lexikon\/wp-json\/wp\/v2\/product\/24837","targetHints":{"allow":["GET"]}}],"collection":[{"href":"https:\/\/uj.adatbank.ro\/lexikon\/wp-json\/wp\/v2\/product"}],"about":[{"href":"https:\/\/uj.adatbank.ro\/lexikon\/wp-json\/wp\/v2\/types\/product"}],"replies":[{"embeddable":true,"href":"https:\/\/uj.adatbank.ro\/lexikon\/wp-json\/wp\/v2\/comments?post=24837"}],"wp:attachment":[{"href":"https:\/\/uj.adatbank.ro\/lexikon\/wp-json\/wp\/v2\/media?parent=24837"}],"wp:term":[{"taxonomy":"product_brand","embeddable":true,"href":"https:\/\/uj.adatbank.ro\/lexikon\/wp-json\/wp\/v2\/product_brand?post=24837"},{"taxonomy":"product_cat","embeddable":true,"href":"https:\/\/uj.adatbank.ro\/lexikon\/wp-json\/wp\/v2\/product_cat?post=24837"},{"taxonomy":"product_tag","embeddable":true,"href":"https:\/\/uj.adatbank.ro\/lexikon\/wp-json\/wp\/v2\/product_tag?post=24837"}],"curies":[{"name":"wp","href":"https:\/\/api.w.org\/{rel}","templated":true}]}}