{"id":24838,"date":"2025-08-01T18:22:34","date_gmt":"2025-08-01T16:22:34","guid":{"rendered":"https:\/\/uj.adatbank.ro\/lexikon\/termek\/weisz-miklos-%c2%a7\/"},"modified":"2025-08-01T18:22:34","modified_gmt":"2025-08-01T16:22:34","slug":"weisz-miklos-%c2%a7","status":"publish","type":"product","link":"https:\/\/uj.adatbank.ro\/lexikon\/termek\/weisz-miklos-%c2%a7\/","title":{"rendered":"WEISZ Mikl\u00f3s, \u00a7"},"content":{"rendered":"<p>Feketeerd\u0151., 1887., \u2020\u00a0?: keresked\u0151. \u2013 Iskol\u00e1i elv\u00e9gz\u00e9se ut\u00e1n keresked\u00e9st tanult, \u00f6n\u00e1ll\u00f3 lett Mv.-en (1929), az \u00c1brah\u00e1m \u00e9s Weisz c\u00e9g beltagja volt. R\u00e9szt vett az els\u0151 vh.-ban. A mv.-i ortodox hitk\u00f6zs\u00e9g p\u00e9nzt\u00e1rnoka. Mv.-r\u0151l a feles\u00e9g\u00e9vel (*1889) egy\u00fctt deport\u00e1lt\u00e1k (1944. m\u00e1j. 29.). <br \/><strong>\u2013 Irod.:<\/strong> Mv. zsid\u00f3s\u00e1ga; Sz\u00e9kelyf\u00f6ld \u00ed. k.<\/br><\/p>\n","protected":false},"excerpt":{"rendered":"<p>Feketeerd\u0151., 1887., \u2020\u00a0?: keresked\u0151. \u2013 Iskol\u00e1i elv\u00e9gz\u00e9se ut\u00e1n keresked\u00e9st tanult, \u00f6n\u00e1ll\u00f3 lett Mv.-en (1929), az \u00c1brah\u00e1m \u00e9s Weisz c\u00e9g beltagja volt. R\u00e9szt vett az els\u0151 vh.-ban. A mv.-i ortodox hitk\u00f6zs\u00e9g p\u00e9nzt\u00e1rnoka. Mv.-r\u0151l a feles\u00e9g\u00e9vel (*1889) egy\u00fctt deport\u00e1lt\u00e1k (1944. m\u00e1j. 29.). \u2013 Irod.: Mv. zsid\u00f3s\u00e1ga; Sz\u00e9kelyf\u00f6ld \u00ed. k.<\/p>\n","protected":false},"featured_media":0,"comment_status":"open","ping_status":"closed","template":"","meta":[],"product_brand":[],"product_cat":[137],"product_tag":[],"class_list":{"0":"post-24838","1":"product","2":"type-product","3":"status-publish","5":"product_cat-maros-megyei-eletrajzi-lexikon","7":"first","8":"instock","9":"shipping-taxable","10":"product-type-simple"},"_links":{"self":[{"href":"https:\/\/uj.adatbank.ro\/lexikon\/wp-json\/wp\/v2\/product\/24838","targetHints":{"allow":["GET"]}}],"collection":[{"href":"https:\/\/uj.adatbank.ro\/lexikon\/wp-json\/wp\/v2\/product"}],"about":[{"href":"https:\/\/uj.adatbank.ro\/lexikon\/wp-json\/wp\/v2\/types\/product"}],"replies":[{"embeddable":true,"href":"https:\/\/uj.adatbank.ro\/lexikon\/wp-json\/wp\/v2\/comments?post=24838"}],"wp:attachment":[{"href":"https:\/\/uj.adatbank.ro\/lexikon\/wp-json\/wp\/v2\/media?parent=24838"}],"wp:term":[{"taxonomy":"product_brand","embeddable":true,"href":"https:\/\/uj.adatbank.ro\/lexikon\/wp-json\/wp\/v2\/product_brand?post=24838"},{"taxonomy":"product_cat","embeddable":true,"href":"https:\/\/uj.adatbank.ro\/lexikon\/wp-json\/wp\/v2\/product_cat?post=24838"},{"taxonomy":"product_tag","embeddable":true,"href":"https:\/\/uj.adatbank.ro\/lexikon\/wp-json\/wp\/v2\/product_tag?post=24838"}],"curies":[{"name":"wp","href":"https:\/\/api.w.org\/{rel}","templated":true}]}}