{"id":24844,"date":"2025-08-01T18:22:48","date_gmt":"2025-08-01T16:22:48","guid":{"rendered":"https:\/\/uj.adatbank.ro\/lexikon\/termek\/wellemin\/"},"modified":"2025-08-01T18:22:48","modified_gmt":"2025-08-01T16:22:48","slug":"wellemin","status":"publish","type":"product","link":"https:\/\/uj.adatbank.ro\/lexikon\/termek\/wellemin\/","title":{"rendered":"WELLEMIN"},"content":{"rendered":"<p>? \u2020\u00a0?: karmester. \u2013 Mv.-en a Kult\u00farpalot\u00e1ban vet\u00edtett n\u00e9ma filmek zenei al\u00e1fest\u0151 karmestere (1926-ig). <br \/><strong>\u2013 Irod.:<\/strong> Gy\u00e1rf\u00e1s L. Mikl\u00f3s: M\u00fcller Ferenc (V. Z., 1980. szept. 28.); Kir\u00e1ly.<\/br><\/p>\n","protected":false},"excerpt":{"rendered":"<p>? \u2020\u00a0?: karmester. \u2013 Mv.-en a Kult\u00farpalot\u00e1ban vet\u00edtett n\u00e9ma filmek zenei al\u00e1fest\u0151 karmestere (1926-ig). \u2013 Irod.: Gy\u00e1rf\u00e1s L. Mikl\u00f3s: M\u00fcller Ferenc (V. Z., 1980. szept. 28.); Kir\u00e1ly.<\/p>\n","protected":false},"featured_media":0,"comment_status":"open","ping_status":"closed","template":"","meta":[],"product_brand":[],"product_cat":[137],"product_tag":[],"class_list":{"0":"post-24844","1":"product","2":"type-product","3":"status-publish","5":"product_cat-maros-megyei-eletrajzi-lexikon","7":"first","8":"instock","9":"shipping-taxable","10":"product-type-simple"},"_links":{"self":[{"href":"https:\/\/uj.adatbank.ro\/lexikon\/wp-json\/wp\/v2\/product\/24844","targetHints":{"allow":["GET"]}}],"collection":[{"href":"https:\/\/uj.adatbank.ro\/lexikon\/wp-json\/wp\/v2\/product"}],"about":[{"href":"https:\/\/uj.adatbank.ro\/lexikon\/wp-json\/wp\/v2\/types\/product"}],"replies":[{"embeddable":true,"href":"https:\/\/uj.adatbank.ro\/lexikon\/wp-json\/wp\/v2\/comments?post=24844"}],"wp:attachment":[{"href":"https:\/\/uj.adatbank.ro\/lexikon\/wp-json\/wp\/v2\/media?parent=24844"}],"wp:term":[{"taxonomy":"product_brand","embeddable":true,"href":"https:\/\/uj.adatbank.ro\/lexikon\/wp-json\/wp\/v2\/product_brand?post=24844"},{"taxonomy":"product_cat","embeddable":true,"href":"https:\/\/uj.adatbank.ro\/lexikon\/wp-json\/wp\/v2\/product_cat?post=24844"},{"taxonomy":"product_tag","embeddable":true,"href":"https:\/\/uj.adatbank.ro\/lexikon\/wp-json\/wp\/v2\/product_tag?post=24844"}],"curies":[{"name":"wp","href":"https:\/\/api.w.org\/{rel}","templated":true}]}}