{"id":24845,"date":"2025-08-01T18:22:51","date_gmt":"2025-08-01T16:22:51","guid":{"rendered":"https:\/\/uj.adatbank.ro\/lexikon\/termek\/wellmann-oszkar-%c2%a7\/"},"modified":"2025-08-01T18:22:51","modified_gmt":"2025-08-01T16:22:51","slug":"wellmann-oszkar-%c2%a7","status":"publish","type":"product","link":"https:\/\/uj.adatbank.ro\/lexikon\/termek\/wellmann-oszkar-%c2%a7\/","title":{"rendered":"WELLMANN Oszk\u00e1r, \u00a7"},"content":{"rendered":"<p>Sz\u00e1szr\u00e9gen, 1876. okt. 8., \u2020 Bp., 1943. m\u00e1j. 4.: \u00e1llatorvos, egyetemi tan\u00e1r, akad\u00e9mikus. \u2013 A bp.-i \u00c1llatorvosi F\u0151isk.-n \u00e1llatorvosi (1897\u20131901) \u00e9s bp.-i Egyetem Orvosi Kar\u00e1n v\u00e9gezte, az els\u0151k k\u00f6z\u00f6tt \u00e1llatorvosi oklevelet szerzett (1907). A bp.-i \u00c1llatorvosi F\u0151isk. \u00e9lettani int.-\u00e9ben I. tan\u00e1rseg\u00e9d (1897\u20131901), Kaposv\u00e1ron gyakorl\u00f3 \u00e1llatorvos (1901\u201305). A b\u00e9csi \u00e9s a berlini mez\u0151gazd. f\u0151isk.-n is tanult, D\u00e1ni\u00e1ban, Franciao.-ban, Hollandi\u00e1ban, Nagy-Britanni\u00e1ban \u00e9s Sv\u00e1jcban tett tanulm\u00e1nyutat (1908\u201309). Az \u00c1llatorvosi F\u0151isk. \u00e1llatteny\u00e9szt\u00e9stani int.-\u00e9ben seg\u00e9dtan\u00e1r (1907\u2013), az \u00e1llatteny\u00e9szt\u00e9stan r. tan\u00e1ra (1910\u2013); a f\u0151isk. rektora (1931\u201333), a bp.-i m\u0171szaki \u00e9s gazdas\u00e1gi egy. mez\u0151gazd. \u00e9s \u00e1llatorvosi kar\u00e1n az \u00e1llatteny\u00e9szt\u00e9stan ny. r. tan\u00e1ra (1934-t\u0151l hal\u00e1l\u00e1ig). Kidolgozta a szarvasmarha-t\u00f6rzsk\u00f6nyvez\u00e9si rendszert (1926), amely alapj\u00e1t k\u00e9pezte a R\u00f3m\u00e1ban megk\u00f6t\u00f6tt nemzetk\u00f6zi egyezm\u00e9nynek (1936). A t\u00f6r\u00f6k \u00e9s a perzsa korm\u00e1ny megh\u00edv\u00e1s\u00e1ra T\u00f6r\u00f6ko.-ban (1932\u201333) \u00e9s Perzsi\u00e1ban (1936) ir\u00e1ny\u00edtotta a korszer\u0171 \u00e1llatteny\u00e9szt\u00e9s megszervez\u00e9s\u00e9t. F\u0151k\u00e9nt az \u00e1llatteny\u00e9szt\u00e9s fiziol\u00f3giai, biok\u00e9miai \u00e9s anyagforgalmi, valamint biol\u00f3giai-\u00f6r\u00f6kl\u00e9stani k\u00e9rd\u00e9seivel foglalkozott. Gyakorlati munk\u00e1ss\u00e1ga nagym\u00e9rt\u00e9kben j\u00e1rult hozz\u00e1 a mo.-i \u00e1llatteny\u00e9szt\u00e9s fellend\u00fcl\u00e9s\u00e9hez. Az \u00e1sv\u00e1nyi s\u00f3k \u00e9s a vitaminok fontoss\u00e1g\u00e1nak hangoztat\u00e1s\u00e1val az okszer\u0171bb takarm\u00e1nyoz\u00e1s, a korszer\u0171 szarvasmarha-t\u00f6rzsk\u00f6nyvez\u00e9si rendszer kidolgoz\u00e1s\u00e1val egyengette a helyes teny\u00e9szkiv\u00e1laszt\u00e1s \u00fatj\u00e1t. Az MTA tagja (l. 1936, r. 1941). Az Orsz. T\u00f6rzsk\u00f6nyvel\u0151 Bizotts\u00e1g eln\u00f6ke, a Szarvasmarha-teny\u00e9szt\u0151 Egyes.-ek Orsz. Sz\u00f6v. aleln\u00f6ke. A M. Term\u00e9szettud. T\u00e1rsulat mez\u0151gazd. szakoszt\u00e1ly\u00e1nak aleln\u00f6ke (1933\u201339, 1941\u201343). A fels\u0151h\u00e1z tagja (1936\u201341). A M. Agr\u00e1rtudom\u00e1nyi Egyes\u00fclet Wellman Oszk\u00e1r-eml\u00e9k\u00e9rmet alap\u00edtott a tudom\u00e1nyter\u00fcleten v\u00e9gzett kiv\u00e1l\u00f3 tev\u00e9kenys\u00e9g elismer\u00e9s\u00e9re (1973). Sz\u00fclet\u00e9s\u00e9nek 100. \u00e9vfordul\u00f3j\u00e1n az \u00c1llatorvosi Egyetem szoborparkj\u00e1ban felavatt\u00e1k a mellszobr\u00e1t. \u2013  <strong>F. m..:<\/strong> Vizsg\u00e1latok a Ca, Mg \u00e9s P forgalm\u00e1r\u00f3l \u00e9hez\u0151 \u00e1llatokban (Bp., 1907; n\u00e9met\u00fcl: Bonn, 1908); A teh\u00e9ntej \u00e9s a korrig\u00e1lt lef\u00f6l\u00f6z\u00f6tt tej kihaszn\u00e1l\u00e1sa (Bp., 1913); Fiatal malacok anyag- \u00e9s energiaforgalma malacelemz\u00e9ssel egybek\u00f6t\u00f6tt etet\u00e9si k\u00eds\u00e9rletek alapj\u00e1n (Bp., 1916; n\u00e9met\u00fcl: Berlin, 1921); \u00c1ltal\u00e1nos \u00e1llatteny\u00e9szt\u00e9stan (Bp., 1921; 1928); Fiatal \u00e1llatok anyagcser\u00e9je \u00e9s energiaforgalma (Bp., 1925); A meghonosul\u00e1s hat\u00e1sa a h\u00e1zi\u00e1llatokra \u00e9s a k\u00fclf\u00f6ldi \u00e1llatfajt\u00e1k eredm\u00e9nyes teny\u00e9szt\u00e9s\u00e9nek felt\u00e9telei (A Term\u00e9szet-, Orvos-, M\u0171szaki \u00e9s Term.tud. Orsz. Kongresszus munk\u00e1latai. Bp., 1926); Magyarorsz\u00e1g \u00e1llatteny\u00e9szt\u00e9se, I. Szarvasmarhateny\u00e9szt\u00e9s (Bp., 1926); Szarvasmarh\u00e1k b\u00edr\u00e1lata \u00e9s t\u00f6rzsk\u00f6nyvel\u00e9se (Bp., 1926; 1940); K\u00fcllemtan (Bp., 1927); A szarvasmarha-teny\u00e9szt\u00e9s id\u0151szer\u0171 k\u00e9rd\u00e9sei (Bp., 1927); A rachitis&#8230;, II. Biochemiai r\u00e9sz (Bp., 1932; n\u00e9met\u00fcl: Jena, 1932); A baromfi, szarvasmarha, juh, kecske, kutya \u00e9s ny\u00fal teny\u00e9szt\u00e9se. El\u0151ad\u00e1sai alapj\u00e1n jegyezt\u00e9k Romv\u00e1ri J\u00f3zsef, T\u00f3th B\u00e9la (Bp., 1938); L\u00f3teny\u00e9szt\u00e9s (4. jav. kiad. Bp., 1938); A borj\u00fa okszer\u0171 felnevel\u00e9se (Bp., 1939); Az \u00f6r\u00f6kl\u00e9stan \u00fajabb v\u00edvm\u00e1nyai \u00e9s gyakorlati hasznos\u00edt\u00e1sa (A mez\u0151g. halad\u00e1s leg\u00fajabb v\u00edvm\u00e1nyai. Bp., 1940); Magyarorsz\u00e1g szarvasmarha-teny\u00e9szt\u00e9se (Mez\u0151g. \u00e9s \u00e1llatorvosi el\u0151ad\u00e1sok&#8230; a soproni ny\u00e1ri egy. tanfolyam\u00e1n. Bp., 1941); A szarvasmarha-teny\u00e9szt\u00e9s fejleszt\u00e9s\u00e9nek eszk\u00f6zei (Halad\u00f3 gazd\u00e1k \u00fatmutat\u00f3ja. Bp., 1942);  <strong>t\u00e1rssz.:<\/strong> A borj\u00fa felnevel\u00e9se (Czak\u00f3 J\u00f3zseffel; Bp., 1928, 1956); <br \/><strong>\u2013 Irod.:<\/strong> Encyc.Hung.; M\u00c9L; MNL; A MTA tagjai (Bp., 2003); MTL; Profiluri reghinene; RNL; Sz\u00e9kely tud\u00f3sok; \u00daM\u00c9L.<\/br><\/p>\n","protected":false},"excerpt":{"rendered":"<p>Sz\u00e1szr\u00e9gen, 1876. okt. 8., \u2020 Bp., 1943. m\u00e1j. 4.: \u00e1llatorvos, egyetemi tan\u00e1r, akad\u00e9mikus. \u2013 A bp.-i \u00c1llatorvosi F\u0151isk.-n \u00e1llatorvosi (1897\u20131901) \u00e9s bp.-i Egyetem Orvosi Kar\u00e1n v\u00e9gezte, az els\u0151k k\u00f6z\u00f6tt \u00e1llatorvosi oklevelet szerzett (1907). A bp.-i \u00c1llatorvosi F\u0151isk. \u00e9lettani int.-\u00e9ben I. tan\u00e1rseg\u00e9d (1897\u20131901), Kaposv\u00e1ron gyakorl\u00f3 \u00e1llatorvos (1901\u201305). A b\u00e9csi \u00e9s a berlini mez\u0151gazd. f\u0151isk.-n is tanult, [&hellip;]<\/p>\n","protected":false},"featured_media":0,"comment_status":"open","ping_status":"closed","template":"","meta":[],"product_brand":[],"product_cat":[137],"product_tag":[],"class_list":{"0":"post-24845","1":"product","2":"type-product","3":"status-publish","5":"product_cat-maros-megyei-eletrajzi-lexikon","7":"first","8":"instock","9":"shipping-taxable","10":"product-type-simple"},"_links":{"self":[{"href":"https:\/\/uj.adatbank.ro\/lexikon\/wp-json\/wp\/v2\/product\/24845","targetHints":{"allow":["GET"]}}],"collection":[{"href":"https:\/\/uj.adatbank.ro\/lexikon\/wp-json\/wp\/v2\/product"}],"about":[{"href":"https:\/\/uj.adatbank.ro\/lexikon\/wp-json\/wp\/v2\/types\/product"}],"replies":[{"embeddable":true,"href":"https:\/\/uj.adatbank.ro\/lexikon\/wp-json\/wp\/v2\/comments?post=24845"}],"wp:attachment":[{"href":"https:\/\/uj.adatbank.ro\/lexikon\/wp-json\/wp\/v2\/media?parent=24845"}],"wp:term":[{"taxonomy":"product_brand","embeddable":true,"href":"https:\/\/uj.adatbank.ro\/lexikon\/wp-json\/wp\/v2\/product_brand?post=24845"},{"taxonomy":"product_cat","embeddable":true,"href":"https:\/\/uj.adatbank.ro\/lexikon\/wp-json\/wp\/v2\/product_cat?post=24845"},{"taxonomy":"product_tag","embeddable":true,"href":"https:\/\/uj.adatbank.ro\/lexikon\/wp-json\/wp\/v2\/product_tag?post=24845"}],"curies":[{"name":"wp","href":"https:\/\/api.w.org\/{rel}","templated":true}]}}