{"id":24852,"date":"2025-08-01T18:23:09","date_gmt":"2025-08-01T16:23:09","guid":{"rendered":"https:\/\/uj.adatbank.ro\/lexikon\/termek\/wenger-lujza\/"},"modified":"2025-08-01T18:23:09","modified_gmt":"2025-08-01T16:23:09","slug":"wenger-lujza","status":"publish","type":"product","link":"https:\/\/uj.adatbank.ro\/lexikon\/termek\/wenger-lujza\/","title":{"rendered":"WENGER Lujza"},"content":{"rendered":"<p>? \u2020\u00a0?: tan\u00e1rn\u0151. \u2013 A mv.-i ref. elemi \u00e9s polg\u00e1ri le\u00e1nyiskola tan\u00e1rn\u0151je, k\u00e9zimunk\u00e1t tan\u00edtott (1918. dec. \u2013 1920. m\u00e1j.). <br \/><strong>\u2013 Irod.:<\/strong> Eml\u00e9kk. Szab\u00f3 Mikl\u00f3s.<\/br><\/p>\n","protected":false},"excerpt":{"rendered":"<p>? \u2020\u00a0?: tan\u00e1rn\u0151. \u2013 A mv.-i ref. elemi \u00e9s polg\u00e1ri le\u00e1nyiskola tan\u00e1rn\u0151je, k\u00e9zimunk\u00e1t tan\u00edtott (1918. dec. \u2013 1920. m\u00e1j.). \u2013 Irod.: Eml\u00e9kk. Szab\u00f3 Mikl\u00f3s.<\/p>\n","protected":false},"featured_media":0,"comment_status":"open","ping_status":"closed","template":"","meta":[],"product_brand":[],"product_cat":[137],"product_tag":[],"class_list":{"0":"post-24852","1":"product","2":"type-product","3":"status-publish","5":"product_cat-maros-megyei-eletrajzi-lexikon","7":"first","8":"instock","9":"shipping-taxable","10":"product-type-simple"},"_links":{"self":[{"href":"https:\/\/uj.adatbank.ro\/lexikon\/wp-json\/wp\/v2\/product\/24852","targetHints":{"allow":["GET"]}}],"collection":[{"href":"https:\/\/uj.adatbank.ro\/lexikon\/wp-json\/wp\/v2\/product"}],"about":[{"href":"https:\/\/uj.adatbank.ro\/lexikon\/wp-json\/wp\/v2\/types\/product"}],"replies":[{"embeddable":true,"href":"https:\/\/uj.adatbank.ro\/lexikon\/wp-json\/wp\/v2\/comments?post=24852"}],"wp:attachment":[{"href":"https:\/\/uj.adatbank.ro\/lexikon\/wp-json\/wp\/v2\/media?parent=24852"}],"wp:term":[{"taxonomy":"product_brand","embeddable":true,"href":"https:\/\/uj.adatbank.ro\/lexikon\/wp-json\/wp\/v2\/product_brand?post=24852"},{"taxonomy":"product_cat","embeddable":true,"href":"https:\/\/uj.adatbank.ro\/lexikon\/wp-json\/wp\/v2\/product_cat?post=24852"},{"taxonomy":"product_tag","embeddable":true,"href":"https:\/\/uj.adatbank.ro\/lexikon\/wp-json\/wp\/v2\/product_tag?post=24852"}],"curies":[{"name":"wp","href":"https:\/\/api.w.org\/{rel}","templated":true}]}}