{"id":24854,"date":"2025-08-01T18:23:13","date_gmt":"2025-08-01T16:23:13","guid":{"rendered":"https:\/\/uj.adatbank.ro\/lexikon\/termek\/wenrich-mihaly\/"},"modified":"2025-08-01T18:23:13","modified_gmt":"2025-08-01T16:23:13","slug":"wenrich-mihaly","status":"publish","type":"product","link":"https:\/\/uj.adatbank.ro\/lexikon\/termek\/wenrich-mihaly\/","title":{"rendered":"WENRICH Mih\u00e1ly"},"content":{"rendered":"<p>? \u2020\u00a0?: segesv\u00e1ri szen\u00e1tor. <br \/><strong>\u2013 Irod.:<\/strong> Iratok a magyar \u00e1llamnyelv k\u00e9rd\u00e9s\u00e9nek t\u00f6rt\u00e9net\u00e9hez 1790\u20131848 (Bp., 1926), Mester Mikl\u00f3s: Az auton\u00f3m Erd\u00e9ly \u00e9s a rom\u00e1n nemzetis\u00e9gi k\u00f6vetel\u00e9sek az 1863\u201364 \u00e9vi nagyszebeni orsz\u00e1ggy\u0171l\u00e9sen (P\u00e9cs, 1936).<\/br><\/p>\n","protected":false},"excerpt":{"rendered":"<p>? \u2020\u00a0?: segesv\u00e1ri szen\u00e1tor. \u2013 Irod.: Iratok a magyar \u00e1llamnyelv k\u00e9rd\u00e9s\u00e9nek t\u00f6rt\u00e9net\u00e9hez 1790\u20131848 (Bp., 1926), Mester Mikl\u00f3s: Az auton\u00f3m Erd\u00e9ly \u00e9s a rom\u00e1n nemzetis\u00e9gi k\u00f6vetel\u00e9sek az 1863\u201364 \u00e9vi nagyszebeni orsz\u00e1ggy\u0171l\u00e9sen (P\u00e9cs, 1936).<\/p>\n","protected":false},"featured_media":0,"comment_status":"open","ping_status":"closed","template":"","meta":[],"product_brand":[],"product_cat":[137],"product_tag":[],"class_list":{"0":"post-24854","1":"product","2":"type-product","3":"status-publish","5":"product_cat-maros-megyei-eletrajzi-lexikon","7":"first","8":"instock","9":"shipping-taxable","10":"product-type-simple"},"_links":{"self":[{"href":"https:\/\/uj.adatbank.ro\/lexikon\/wp-json\/wp\/v2\/product\/24854","targetHints":{"allow":["GET"]}}],"collection":[{"href":"https:\/\/uj.adatbank.ro\/lexikon\/wp-json\/wp\/v2\/product"}],"about":[{"href":"https:\/\/uj.adatbank.ro\/lexikon\/wp-json\/wp\/v2\/types\/product"}],"replies":[{"embeddable":true,"href":"https:\/\/uj.adatbank.ro\/lexikon\/wp-json\/wp\/v2\/comments?post=24854"}],"wp:attachment":[{"href":"https:\/\/uj.adatbank.ro\/lexikon\/wp-json\/wp\/v2\/media?parent=24854"}],"wp:term":[{"taxonomy":"product_brand","embeddable":true,"href":"https:\/\/uj.adatbank.ro\/lexikon\/wp-json\/wp\/v2\/product_brand?post=24854"},{"taxonomy":"product_cat","embeddable":true,"href":"https:\/\/uj.adatbank.ro\/lexikon\/wp-json\/wp\/v2\/product_cat?post=24854"},{"taxonomy":"product_tag","embeddable":true,"href":"https:\/\/uj.adatbank.ro\/lexikon\/wp-json\/wp\/v2\/product_tag?post=24854"}],"curies":[{"name":"wp","href":"https:\/\/api.w.org\/{rel}","templated":true}]}}