{"id":24858,"date":"2025-08-01T18:23:22","date_gmt":"2025-08-01T16:23:22","guid":{"rendered":"https:\/\/uj.adatbank.ro\/lexikon\/termek\/wermescher-csalad\/"},"modified":"2025-08-01T18:23:22","modified_gmt":"2025-08-01T16:23:22","slug":"wermescher-csalad","status":"publish","type":"product","link":"https:\/\/uj.adatbank.ro\/lexikon\/termek\/wermescher-csalad\/","title":{"rendered":"WERMESCHER csal\u00e1d"},"content":{"rendered":"<p>Sz\u00e1szr\u00e9genben tutajoz\u00e1si v\u00e1llaltuk volt, az 1890-es \u00e9vekben Sz\u00e1szr\u00e9gen hat\u00e1r\u00e1ban modern f\u0171r\u00e9szgy\u00e1rat l\u00e9tes\u00edtettek. A XX. sz elej\u00e9n mindezt felsz\u00e1molt\u00e1k, f\u00f6ldet, sz\u0151l\u0151ket, malmot v\u00e1s\u00e1roltak, \u00fczletet nyitottak, fiaikat \u00e9rtelmis\u00e9gi p\u00e1ly\u00e1ra adt\u00e1k. <br \/><strong>\u2013 Irod.:<\/strong> Magyar\u00f3 h\u00e9tk\u00f6znapjai.<\/br><\/p>\n","protected":false},"excerpt":{"rendered":"<p>Sz\u00e1szr\u00e9genben tutajoz\u00e1si v\u00e1llaltuk volt, az 1890-es \u00e9vekben Sz\u00e1szr\u00e9gen hat\u00e1r\u00e1ban modern f\u0171r\u00e9szgy\u00e1rat l\u00e9tes\u00edtettek. A XX. sz elej\u00e9n mindezt felsz\u00e1molt\u00e1k, f\u00f6ldet, sz\u0151l\u0151ket, malmot v\u00e1s\u00e1roltak, \u00fczletet nyitottak, fiaikat \u00e9rtelmis\u00e9gi p\u00e1ly\u00e1ra adt\u00e1k. \u2013 Irod.: Magyar\u00f3 h\u00e9tk\u00f6znapjai.<\/p>\n","protected":false},"featured_media":0,"comment_status":"open","ping_status":"closed","template":"","meta":[],"product_brand":[],"product_cat":[137],"product_tag":[],"class_list":{"0":"post-24858","1":"product","2":"type-product","3":"status-publish","5":"product_cat-maros-megyei-eletrajzi-lexikon","7":"first","8":"instock","9":"shipping-taxable","10":"product-type-simple"},"_links":{"self":[{"href":"https:\/\/uj.adatbank.ro\/lexikon\/wp-json\/wp\/v2\/product\/24858","targetHints":{"allow":["GET"]}}],"collection":[{"href":"https:\/\/uj.adatbank.ro\/lexikon\/wp-json\/wp\/v2\/product"}],"about":[{"href":"https:\/\/uj.adatbank.ro\/lexikon\/wp-json\/wp\/v2\/types\/product"}],"replies":[{"embeddable":true,"href":"https:\/\/uj.adatbank.ro\/lexikon\/wp-json\/wp\/v2\/comments?post=24858"}],"wp:attachment":[{"href":"https:\/\/uj.adatbank.ro\/lexikon\/wp-json\/wp\/v2\/media?parent=24858"}],"wp:term":[{"taxonomy":"product_brand","embeddable":true,"href":"https:\/\/uj.adatbank.ro\/lexikon\/wp-json\/wp\/v2\/product_brand?post=24858"},{"taxonomy":"product_cat","embeddable":true,"href":"https:\/\/uj.adatbank.ro\/lexikon\/wp-json\/wp\/v2\/product_cat?post=24858"},{"taxonomy":"product_tag","embeddable":true,"href":"https:\/\/uj.adatbank.ro\/lexikon\/wp-json\/wp\/v2\/product_tag?post=24858"}],"curies":[{"name":"wp","href":"https:\/\/api.w.org\/{rel}","templated":true}]}}