{"id":24859,"date":"2025-08-01T18:23:24","date_gmt":"2025-08-01T16:23:24","guid":{"rendered":"https:\/\/uj.adatbank.ro\/lexikon\/termek\/wermescher-emil\/"},"modified":"2025-08-01T18:23:24","modified_gmt":"2025-08-01T16:23:24","slug":"wermescher-emil","status":"publish","type":"product","link":"https:\/\/uj.adatbank.ro\/lexikon\/termek\/wermescher-emil\/","title":{"rendered":"WERMESCHER Emil"},"content":{"rendered":"<p>Sz\u00e1szr\u00e9gen, 1890. \u00e1pr. 26., \u2020\u00a0?: gy\u00f3gyszer\u00e9sz. \u2013 Gy\u00f3gyszer\u00e9sz oklevelet Bp.-en kapott (1911). Tagja volt a Kereskedelmi \u00e9s Ipari Bank igazgat\u00f3tan\u00e1cs\u00e1nak (1924). <br \/><strong>\u2013 Irod.:<\/strong> Pan\u0103; P\u00e9ter H. M.; P\u00e9ter H. M. 2013.<\/br><\/p>\n","protected":false},"excerpt":{"rendered":"<p>Sz\u00e1szr\u00e9gen, 1890. \u00e1pr. 26., \u2020\u00a0?: gy\u00f3gyszer\u00e9sz. \u2013 Gy\u00f3gyszer\u00e9sz oklevelet Bp.-en kapott (1911). Tagja volt a Kereskedelmi \u00e9s Ipari Bank igazgat\u00f3tan\u00e1cs\u00e1nak (1924). \u2013 Irod.: Pan\u0103; P\u00e9ter H. M.; P\u00e9ter H. M. 2013.<\/p>\n","protected":false},"featured_media":0,"comment_status":"open","ping_status":"closed","template":"","meta":[],"product_brand":[],"product_cat":[137],"product_tag":[],"class_list":{"0":"post-24859","1":"product","2":"type-product","3":"status-publish","5":"product_cat-maros-megyei-eletrajzi-lexikon","7":"first","8":"instock","9":"shipping-taxable","10":"product-type-simple"},"_links":{"self":[{"href":"https:\/\/uj.adatbank.ro\/lexikon\/wp-json\/wp\/v2\/product\/24859","targetHints":{"allow":["GET"]}}],"collection":[{"href":"https:\/\/uj.adatbank.ro\/lexikon\/wp-json\/wp\/v2\/product"}],"about":[{"href":"https:\/\/uj.adatbank.ro\/lexikon\/wp-json\/wp\/v2\/types\/product"}],"replies":[{"embeddable":true,"href":"https:\/\/uj.adatbank.ro\/lexikon\/wp-json\/wp\/v2\/comments?post=24859"}],"wp:attachment":[{"href":"https:\/\/uj.adatbank.ro\/lexikon\/wp-json\/wp\/v2\/media?parent=24859"}],"wp:term":[{"taxonomy":"product_brand","embeddable":true,"href":"https:\/\/uj.adatbank.ro\/lexikon\/wp-json\/wp\/v2\/product_brand?post=24859"},{"taxonomy":"product_cat","embeddable":true,"href":"https:\/\/uj.adatbank.ro\/lexikon\/wp-json\/wp\/v2\/product_cat?post=24859"},{"taxonomy":"product_tag","embeddable":true,"href":"https:\/\/uj.adatbank.ro\/lexikon\/wp-json\/wp\/v2\/product_tag?post=24859"}],"curies":[{"name":"wp","href":"https:\/\/api.w.org\/{rel}","templated":true}]}}