{"id":24860,"date":"2025-08-01T18:23:27","date_gmt":"2025-08-01T16:23:27","guid":{"rendered":"https:\/\/uj.adatbank.ro\/lexikon\/termek\/wermescher-martin\/"},"modified":"2025-08-01T18:23:27","modified_gmt":"2025-08-01T16:23:27","slug":"wermescher-martin","status":"publish","type":"product","link":"https:\/\/uj.adatbank.ro\/lexikon\/termek\/wermescher-martin\/","title":{"rendered":"WERMESCHER Martin"},"content":{"rendered":"<p>? \u2020\u00a0?: keresked\u0151, v\u00e1llalkoz\u00f3. \u2013 Sz\u00e1szr\u00e9genben \u00e9s birtokos s tutajos v\u00e1llalkoz\u00f3. A testv\u00e9rek \u00e9s s\u00f3gorok kiv\u00e1ltak a tutajoz\u00e1si t\u00e1rsas\u00e1gb\u00f3l (1857). <br \/><strong>\u2013 Irod.:<\/strong> B\u00edr\u00f3 Don\u00e1t.<\/br><\/p>\n","protected":false},"excerpt":{"rendered":"<p>? \u2020\u00a0?: keresked\u0151, v\u00e1llalkoz\u00f3. \u2013 Sz\u00e1szr\u00e9genben \u00e9s birtokos s tutajos v\u00e1llalkoz\u00f3. A testv\u00e9rek \u00e9s s\u00f3gorok kiv\u00e1ltak a tutajoz\u00e1si t\u00e1rsas\u00e1gb\u00f3l (1857). \u2013 Irod.: B\u00edr\u00f3 Don\u00e1t.<\/p>\n","protected":false},"featured_media":0,"comment_status":"open","ping_status":"closed","template":"","meta":[],"product_brand":[],"product_cat":[137],"product_tag":[],"class_list":{"0":"post-24860","1":"product","2":"type-product","3":"status-publish","5":"product_cat-maros-megyei-eletrajzi-lexikon","7":"first","8":"instock","9":"shipping-taxable","10":"product-type-simple"},"_links":{"self":[{"href":"https:\/\/uj.adatbank.ro\/lexikon\/wp-json\/wp\/v2\/product\/24860","targetHints":{"allow":["GET"]}}],"collection":[{"href":"https:\/\/uj.adatbank.ro\/lexikon\/wp-json\/wp\/v2\/product"}],"about":[{"href":"https:\/\/uj.adatbank.ro\/lexikon\/wp-json\/wp\/v2\/types\/product"}],"replies":[{"embeddable":true,"href":"https:\/\/uj.adatbank.ro\/lexikon\/wp-json\/wp\/v2\/comments?post=24860"}],"wp:attachment":[{"href":"https:\/\/uj.adatbank.ro\/lexikon\/wp-json\/wp\/v2\/media?parent=24860"}],"wp:term":[{"taxonomy":"product_brand","embeddable":true,"href":"https:\/\/uj.adatbank.ro\/lexikon\/wp-json\/wp\/v2\/product_brand?post=24860"},{"taxonomy":"product_cat","embeddable":true,"href":"https:\/\/uj.adatbank.ro\/lexikon\/wp-json\/wp\/v2\/product_cat?post=24860"},{"taxonomy":"product_tag","embeddable":true,"href":"https:\/\/uj.adatbank.ro\/lexikon\/wp-json\/wp\/v2\/product_tag?post=24860"}],"curies":[{"name":"wp","href":"https:\/\/api.w.org\/{rel}","templated":true}]}}