{"id":24862,"date":"2025-08-01T18:23:31","date_gmt":"2025-08-01T16:23:31","guid":{"rendered":"https:\/\/uj.adatbank.ro\/lexikon\/termek\/wermescher-otto\/"},"modified":"2025-08-01T18:23:31","modified_gmt":"2025-08-01T16:23:31","slug":"wermescher-otto","status":"publish","type":"product","link":"https:\/\/uj.adatbank.ro\/lexikon\/termek\/wermescher-otto\/","title":{"rendered":"WERMESCHER, Otto"},"content":{"rendered":"<p>Sz\u00e1szr\u00e9gen, 1919. okt. 1., \u2020 Sz\u00e9kesfeh\u00e9rv\u00e1r, 1945. m\u00e1rc. 23.: katona. \u2013 Szakaszparancsnokk\u00e9nt esett el a n\u00e9met hadsereg 10. Westland SS Panzergrenadierregimentben (p\u00e1nc\u00e9lgr\u00e1n\u00e1tos-ezred). <br \/><strong>\u2013 Irod.:<\/strong> Reghin, militari.<\/br><\/p>\n","protected":false},"excerpt":{"rendered":"<p>Sz\u00e1szr\u00e9gen, 1919. okt. 1., \u2020 Sz\u00e9kesfeh\u00e9rv\u00e1r, 1945. m\u00e1rc. 23.: katona. \u2013 Szakaszparancsnokk\u00e9nt esett el a n\u00e9met hadsereg 10. Westland SS Panzergrenadierregimentben (p\u00e1nc\u00e9lgr\u00e1n\u00e1tos-ezred). \u2013 Irod.: Reghin, militari.<\/p>\n","protected":false},"featured_media":0,"comment_status":"open","ping_status":"closed","template":"","meta":[],"product_brand":[],"product_cat":[137],"product_tag":[],"class_list":{"0":"post-24862","1":"product","2":"type-product","3":"status-publish","5":"product_cat-maros-megyei-eletrajzi-lexikon","7":"first","8":"instock","9":"shipping-taxable","10":"product-type-simple"},"_links":{"self":[{"href":"https:\/\/uj.adatbank.ro\/lexikon\/wp-json\/wp\/v2\/product\/24862","targetHints":{"allow":["GET"]}}],"collection":[{"href":"https:\/\/uj.adatbank.ro\/lexikon\/wp-json\/wp\/v2\/product"}],"about":[{"href":"https:\/\/uj.adatbank.ro\/lexikon\/wp-json\/wp\/v2\/types\/product"}],"replies":[{"embeddable":true,"href":"https:\/\/uj.adatbank.ro\/lexikon\/wp-json\/wp\/v2\/comments?post=24862"}],"wp:attachment":[{"href":"https:\/\/uj.adatbank.ro\/lexikon\/wp-json\/wp\/v2\/media?parent=24862"}],"wp:term":[{"taxonomy":"product_brand","embeddable":true,"href":"https:\/\/uj.adatbank.ro\/lexikon\/wp-json\/wp\/v2\/product_brand?post=24862"},{"taxonomy":"product_cat","embeddable":true,"href":"https:\/\/uj.adatbank.ro\/lexikon\/wp-json\/wp\/v2\/product_cat?post=24862"},{"taxonomy":"product_tag","embeddable":true,"href":"https:\/\/uj.adatbank.ro\/lexikon\/wp-json\/wp\/v2\/product_tag?post=24862"}],"curies":[{"name":"wp","href":"https:\/\/api.w.org\/{rel}","templated":true}]}}