{"id":24863,"date":"2025-08-01T18:23:33","date_gmt":"2025-08-01T16:23:33","guid":{"rendered":"https:\/\/uj.adatbank.ro\/lexikon\/termek\/wermescher-robert\/"},"modified":"2025-08-01T18:23:33","modified_gmt":"2025-08-01T16:23:33","slug":"wermescher-robert","status":"publish","type":"product","link":"https:\/\/uj.adatbank.ro\/lexikon\/termek\/wermescher-robert\/","title":{"rendered":"WERMESCHER R\u00f3bert"},"content":{"rendered":"<p>Sz\u00e1szr\u00e9gen, 1896., \u2020\u00a0?: fogorvos. \u2013 Apja gy\u00f3gyszer\u00e9sz volt. A k\u00f6z\u00e9piskol\u00e1t Sz\u00e1szr\u00e9genben \u00e9s Medgyesen, az egyetemet Bp.-en, B\u00e9csben, Buk.-ben \u00e9s Lipcs\u00e9ben v\u00e9gezte, doktor\u00e1lt B\u00e9csben (1922). A kv.-i egyetemen fogorvosi szakvizsg\u00e1t tett (1927), azut\u00e1n fogorvosk\u00e9nt m\u0171k\u00f6d\u00f6tt Sz\u00e1szr\u00e9genben. Szakmai cikkeket \u00edrt, az els\u0151 vh.-ban mint seg\u00e9dorvos tev\u00e9kenykedett. <br \/><strong>\u2013 Irod.:<\/strong> Ki kicsoda?<\/br><\/p>\n","protected":false},"excerpt":{"rendered":"<p>Sz\u00e1szr\u00e9gen, 1896., \u2020\u00a0?: fogorvos. \u2013 Apja gy\u00f3gyszer\u00e9sz volt. A k\u00f6z\u00e9piskol\u00e1t Sz\u00e1szr\u00e9genben \u00e9s Medgyesen, az egyetemet Bp.-en, B\u00e9csben, Buk.-ben \u00e9s Lipcs\u00e9ben v\u00e9gezte, doktor\u00e1lt B\u00e9csben (1922). A kv.-i egyetemen fogorvosi szakvizsg\u00e1t tett (1927), azut\u00e1n fogorvosk\u00e9nt m\u0171k\u00f6d\u00f6tt Sz\u00e1szr\u00e9genben. Szakmai cikkeket \u00edrt, az els\u0151 vh.-ban mint seg\u00e9dorvos tev\u00e9kenykedett. \u2013 Irod.: Ki kicsoda?<\/p>\n","protected":false},"featured_media":0,"comment_status":"open","ping_status":"closed","template":"","meta":[],"product_brand":[],"product_cat":[137],"product_tag":[],"class_list":{"0":"post-24863","1":"product","2":"type-product","3":"status-publish","5":"product_cat-maros-megyei-eletrajzi-lexikon","7":"first","8":"instock","9":"shipping-taxable","10":"product-type-simple"},"_links":{"self":[{"href":"https:\/\/uj.adatbank.ro\/lexikon\/wp-json\/wp\/v2\/product\/24863","targetHints":{"allow":["GET"]}}],"collection":[{"href":"https:\/\/uj.adatbank.ro\/lexikon\/wp-json\/wp\/v2\/product"}],"about":[{"href":"https:\/\/uj.adatbank.ro\/lexikon\/wp-json\/wp\/v2\/types\/product"}],"replies":[{"embeddable":true,"href":"https:\/\/uj.adatbank.ro\/lexikon\/wp-json\/wp\/v2\/comments?post=24863"}],"wp:attachment":[{"href":"https:\/\/uj.adatbank.ro\/lexikon\/wp-json\/wp\/v2\/media?parent=24863"}],"wp:term":[{"taxonomy":"product_brand","embeddable":true,"href":"https:\/\/uj.adatbank.ro\/lexikon\/wp-json\/wp\/v2\/product_brand?post=24863"},{"taxonomy":"product_cat","embeddable":true,"href":"https:\/\/uj.adatbank.ro\/lexikon\/wp-json\/wp\/v2\/product_cat?post=24863"},{"taxonomy":"product_tag","embeddable":true,"href":"https:\/\/uj.adatbank.ro\/lexikon\/wp-json\/wp\/v2\/product_tag?post=24863"}],"curies":[{"name":"wp","href":"https:\/\/api.w.org\/{rel}","templated":true}]}}